{"id":17787,"date":"2025-10-13T17:15:03","date_gmt":"2025-10-13T15:15:03","guid":{"rendered":"https:\/\/adimir.org\/?page_id=17787"},"modified":"2025-10-14T15:31:28","modified_gmt":"2025-10-14T13:31:28","slug":"politica-de-privacitat-web","status":"publish","type":"page","link":"https:\/\/adimir.org\/ca\/politica-de-privacitat-web\/","title":{"rendered":"Politica de privacitat web"},"content":{"rendered":"<p style=\"text-align: center;\"><strong>Pol\u00edtica de Privacitat Web<\/strong><\/p>\n<p>&nbsp;<\/p>\n<p><strong>Responsable del Tractament<\/strong><\/p>\n<p>L\u2019empresa responsable del tractament de les seves dades en virtut d\u2019aquesta Pol\u00edtica de privacitat \u00e9s:<\/p>\n<p>FUNDACI\u00d3 ADIMIR<br \/>\nNIF: G62207444<br \/>\nDomicili: c\/Crisantems, s\/n \u2013 08110 Montcada i Reixac (Barcelona)<br \/>\nAdre\u00e7a de correu electr\u00f2nic: <a href=\"mailto:adimir@adimir.org\">adimir@adimir.org<\/a><br \/>\nWeb: <a href=\"https:\/\/adimir.org\/ca\/\">adimir.org<\/a><br \/>\nTel\u00e8fon: <a href=\"tel:935970086\">935 970 086<\/a><br \/>\nInscrita en el Registre d\u2019Associacions de la Generalitat de Catalunya, n\u00famero 23.579<\/p>\n<p>En FUNDACI\u00d3 ADIMIR, reconeixem la import\u00e0ncia de protegir la seva informaci\u00f3 personal i estem compromesos a tractar-la amb responsabilitat i de conformitat amb les lleis de protecci\u00f3 de dades.<\/p>\n<p>La present pol\u00edtica de privacitat pret\u00e9n regular tots els aspectes relatius al tractament de dades dels diferents usuaris que naveguen o faciliten les seves dades personals a trav\u00e9s dels diferents formularis situats en la web.<\/p>\n<p><strong>Dades Personals<\/strong><\/p>\n<p>Una dada personal \u00e9s la informaci\u00f3 que li identifica o li fa identificable. A trav\u00e9s de la web, en les caselles establertes a aquest efecte recollim les dades personals que l\u2019usuari ens comunica: nom, cognoms, correu electr\u00f2nic, tel\u00e8fon, adre\u00e7a postal, poblaci\u00f3, etc., aix\u00ed com totes aquelles dades que volunt\u00e0riament ens proporcioni a trav\u00e9s de qualsevol de les xarxes socials de les quals l\u2019usuari est\u00e0 registrat. En aquest cas, la privacitat dependr\u00e0 de la pr\u00f2pia configuraci\u00f3 establerta per l\u2019usuari aix\u00ed com dels termes i condicions de la pr\u00f2pia xarxa social.<\/p>\n<p>La visita de l\u2019usuari a la web no implica que hagi de facilitar cap informaci\u00f3 sobre les seves dades personals. No obstant aix\u00f2, en cas de facilitar-los, les dades seran tractades de manera l\u00edcita amb subjecci\u00f3 en tot moment als principis i drets recollits en el RGPD 2016\/679 de 27 d\u2019abril de 2016 i la LOPDGDD 3\/2018 del 5 de desembre.<\/p>\n<p><strong>Finalitat, durada i legitimaci\u00f3 del tractament:<\/strong><\/p>\n<p>Les dades que l\u2019usuari ens proporcioni els tractarem amb les seg\u00fcents finalitats:<\/p>\n<ul>\n<li>Atendre la sol\u00b7licitud o petici\u00f3 realitzada per l\u2019usuari a trav\u00e9s del <strong>formulari de contacte<\/strong> situat en la web. Recollim i tractem les dades personals de l\u2019usuari per a poder tramitar i gestionar la seva sol\u00b7licitud, una consulta o qualsevol petici\u00f3 que realitza a trav\u00e9s d\u2019aquest formulari. Aquestes dades els conservarem durant el temps necessari per a donar compliment a la seva petici\u00f3 i durant el temps establert per la llei amb una durada m\u00ednima de 3 anys. La base de legitimaci\u00f3 del tractament de les dades ser\u00e0 el consentiment que atorga l\u2019usuari en seleccionar la casella d\u2019acceptaci\u00f3 de la nostra pol\u00edtica de privacitat abans d\u2019enviar la petici\u00f3. L\u2019usuari t\u00e9 dret a revocar el seu consentiment en qualsevol moment sense que aix\u00f2 afecti la licitud del tractament basat en el consentiment previ a la seva retirada.<\/li>\n<li>Enviar <strong>comunicacions informatives, butlletins o newsletters<\/strong> sobre les activitats i serveis que ofereix FUNDACI\u00d3 ADIMIR. Sota el consentiment de l\u2019usuari recollim i tractem les seves dades personals per a poder enviar-li informaci\u00f3 relacionada amb la nostra entitat. Aquestes dades els conservarem mentre l\u2019usuari no revoqui el seu consentiment al tractament dels mateixos i durant el temps establert per la llei amb una durada m\u00ednima de 3 anys. La base de legitimaci\u00f3 del tractament de les dades ser\u00e0 el consentiment que atorga l\u2019usuari en seleccionar la casella d\u2019acceptaci\u00f3 de la nostra pol\u00edtica de privacitat abans de subscriure\u2019s a la newsletter en formulari habilitat a aquest efecte en la web. L\u2019usuari t\u00e9 dret a revocar el seu consentiment en qualsevol moment sense que aix\u00f2 afecti la licitud del tractament basat en el consentiment previ a la seva retirada.<\/li>\n<li>Gestionar els <strong>donatius<\/strong> i aportacions rebudes a trav\u00e9s del formulari web habilitat per a tal efecte. Recollim i tractem les dades personals de l\u2019usuari per a poder gestionar el donatiu i aportaci\u00f3. Aquestes dades els conservarem durant el temps que duri la relaci\u00f3 contractual entre les parts i durant el temps establert per la llei per al compliment de les obligacions fiscals. La base de legitimaci\u00f3 del tractament de les dades ser\u00e0 l\u2019execuci\u00f3 d\u2019un contracte de Donaci\u00f3, sense el tractament d\u2019aquestes dades no seria possible executar aquesta Donaci\u00f3.<\/li>\n<li>Millorar la seva experi\u00e8ncia en navegar per la web. Aquestes dades els conservarem mentre l\u2019usuari no revoqui el seu<br \/>\nconsentiment al tractament dels mateixos eliminant les cookies i durant el temps establert per la llei amb una durada m\u00ednima de 3 anys. La base de legitimaci\u00f3 per a millorar la seva experi\u00e8ncia en navegar per la web \u00e9s el consentiment que atorga l\u2019usuari en acceptar les cookies. L\u2019usuari t\u00e9 dret a revocar el seu consentiment en qualsevol moment sense que aix\u00f2 afecti la licitud del tractament basat en el consentiment previ a la seva retirada.<\/li>\n<li>Gestionar les nostres <strong>xarxes socials<\/strong> i enviar-li informaci\u00f3 sobre les nostres activitats i productes. Aquestes dades els conservarem mentre l\u2019usuari no revoqui el seu consentiment al tractament dels mateixos i durant el temps establert per la llei amb una durada m\u00ednima de 3 anys. La base leg\u00edtima per a gestionar les nostres xarxes socials i enviar-li les nostres activitats i novetats \u00e9s el consentiment que ens atorga per a aix\u00f2. L\u2019usuari t\u00e9 dret a revocar el seu consentiment en qualsevol moment sense que aix\u00f2 afecti la licitud del tractament basat en el consentiment previ a la seva retirada.<\/li>\n<li>Gestionar <strong>l\u2019alta com a<\/strong> <strong>soci<\/strong> a trav\u00e9s de les dades proporcionades en el formulari de la secci\u00f3 de la nostra web <strong>\u201cFer-me Soci Adimir\u201d<\/strong>. Les dades personals es tractaran mentre l\u2019usuari no comuniqui la seva voluntat de donar-se baixa com a soci o mantingui la relaci\u00f3 amb la nostra entitat. Posteriorment, es guardaran bloquejats durant els terminis de conservaci\u00f3 legalment establerts, procedint-se despr\u00e9s a eliminar-los amb mesures de seguretat adequades per a garantir la seudonimizaci\u00f3n de les dades o la destrucci\u00f3 total d\u2019aquests. La base de legitimaci\u00f3 del tractament de les dades de l\u2019interessat es basa en el consentiment mitjan\u00e7ant la formalitzaci\u00f3 i enviament de la corresponent sol\u00b7licitud d\u2019associat, proporcionant- nos les dades requerides en els camps obligatoris sense els quals no podem gestionar la seva petici\u00f3.<\/li>\n<\/ul>\n<p><strong>Cessi\u00f3 o comunicaci\u00f3 de dades personals i transfer\u00e8ncies internacionals<\/strong><\/p>\n<p>Les seves dades no es comunicaran ni seran cedits a tercers, tret que existeixi alguna obligaci\u00f3 legal o aquells prestadors vinculats al Responsable que actuen com a encarregats del tractament.<\/p>\n<p>\u200bEls nostres servidors estan situats a la Uni\u00f3 Europea, i amb car\u00e0cter general, contractem prestadors de serveis situats tamb\u00e9 dins de l\u2019Espai Econ\u00f2mic Europeu o en pa\u00efsos que han estat declarats amb un nivell adequat de protecci\u00f3.<\/p>\n<p>Si necessitem utilitzar prove\u00efdors de serveis externs que requereixin la transmissi\u00f3 de dades personals an\u00e9s \u200bde \u200bla Uni\u00f3 Europea o en pa\u00efsos que no han estat declarats amb un nivell adequat de protecci\u00f3, ens assegurarem de garantir la seguretat i legitimitat del tractament de les seves dades mitjan\u00e7ant decisions d\u2019adequaci\u00f3, cl\u00e0usules tipus, normes corporatives vinculants, excepcions o qualsevol altre instrument aprovat per l\u2019autoritat de control que ofereixi les garanties adequades per a la realitzaci\u00f3 de la transfer\u00e8ncia internacional de dades.<\/p>\n<p><strong>Actualitzaci\u00f3 de dades<\/strong><\/p>\n<p>\u00c9s important que perqu\u00e8 puguem mantenir les dades personals actualitzades, l\u2019usuari ens informi sempre que hi hagi hagut alguna modificaci\u00f3 en ells, en cas contrari, no responem de la veracitat d\u2019aquests.<\/p>\n<p>L\u2019usuari garanteix que les dades personals facilitades s\u00f3n veraces garantint que tota la informaci\u00f3 facilitada correspon amb la situaci\u00f3 real, que est\u00e0 actualitzada i \u00e9s exacta, quedant obligat a comunicar qualsevol modificaci\u00f3.<\/p>\n<p><strong>Dades de Tercers<\/strong><\/p>\n<p>Si l\u2019usuari facilita dades de terceres persones per a qualsevol finalitat a FUNDACI\u00d3 ADIMIR, garanteix que ha obtingut aquestes dades de manera l\u00edcita, que ha informat pr\u00e8viament els afectats, obtenint el seu consentiment per a comunicar-los i que la informaci\u00f3 facilitada \u00e9s exacta i vera\u00e7.<\/p>\n<p>Car\u00e0cter obligatori de la informaci\u00f3 sol\u00b7licitada<\/p>\n<p>Tots els nostres formularis compten amb un asterisc () en les dades obligat\u00f2ries. Si l\u2019usuari no facilita aquests camps, o no marca la casella d\u2019acceptaci\u00f3 de la pol\u00edtica de privacitat, no es permetr\u00e0 l\u2019enviament de la informaci\u00f3.<\/p>\n<p><strong>Drets dels interessats<\/strong><\/p>\n<p>T\u00e9 dret a accedir a les seves dades i a obtenir confirmaci\u00f3 sobre el seu tractament, aix\u00ed com una c\u00f2pia de les dades personals objecte de tractament. T\u00e9 dret a actualitzar-los i sol\u00b7licitar la rectificaci\u00f3 de les dades que siguin inexactes o sol\u00b7licitar la supressi\u00f3 quan les dades no siguin necessaris per als fins per als quals van ser recaptats. Pot sol\u00b7licitar la limitaci\u00f3 en el tractament de les seves dades i oposar-se al tractament dels mateixos revocant el seu consentiment, aix\u00ed com exercir el dret a la portabilitat de les dades. De la mateixa manera, t\u00e9 dret a no ser objecte de decisions basades \u00fanicament en el tractament automatitzat de les seves dades personals. Pot exercir els seus drets contactant amb nosaltres c\/Crisantems, S\/N \u2013 08110 Montcada i Reixac (Barcelona) o en el corrreo electr\u00f2nic adimir@adimir.org.<\/p>\n<p>Si considera que els seus drets no s\u2019han at\u00e8s degudament, t\u00e9 dret a presentar una reclamaci\u00f3 davant l\u2019autoritat de control en www.aepd.es o contactar amb el nostre DPO en adimir@adimir.org<\/p>\n<p><strong>Tractament de dades de Menors d\u2019edat<\/strong><\/p>\n<p>Qui facilita les dades a trav\u00e9s dels formularis d\u2019aquesta web i accepta el seu tractament declara ser major de 14 anys, quedant prohibit l\u2019acc\u00e9s i \u00fas del portal a menors d\u2019aquesta edat. Si en algun moment, el Responsable detecta que un menor de 14 anys ha proporcionat dades de car\u00e0cter personal, procedirem a la cancel\u00b7laci\u00f3 d\u2019aquests. Aix\u00ed mateix, els pares o tutors podran en qualsevol cas dirigir-se a FUNDACI\u00d3 ADIMIR per a bloquejar el compte d\u2019acc\u00e9s dels menors al seu c\u00e0rrec que s\u2019haguessin registrat falsejant la seva identitat.<\/p>\n<p><strong>Xarxes socials<\/strong><\/p>\n<p>L\u2019objecte de les eines com Facebook, Twitter, Instagram, etc. o altres xarxes socials \u00e9s donar visibilitat i difusi\u00f3 a les activitats que desenvolupa la nostra organitzaci\u00f3. Aquestes eines emmagatzemen dades personals en els servidors dels serveis respectius i es regeixen per la seva pr\u00f2pia pol\u00edtica de privacitat. Es recomana la revisi\u00f3 i la lectura de les condicions d\u2019\u00fas i pol\u00edtica de privacitat de la xarxa social en el moment de registrar-se, tenint en compte les diferents possibilitats de configuraci\u00f3 en relaci\u00f3 al grau de privacitat del perfil d\u2019usuari en la xarxa social.<\/p>\n<p>Aix\u00ed mateix, el Responsable es reserva el dret d\u2019eliminar de les seves xarxes socials qualsevol informaci\u00f3 publicada per tercers que vulneri la legalitat, inciti a fer-ho o contingui missatges que atemptin contra la dignitat de persones o institucions. Com tamb\u00e9 el dret a bloquejar o denunciar el perfil autor d\u2019aquests missatges.<\/p>\n<p><strong>Tractament de Cookies<\/strong><\/p>\n<p>Una cookie \u00e9s un petit arxiu que es descarrega i emmagatzema en l\u2019ordinador de l\u2019usuari quan aquest accedeix a una p\u00e0gina web. Les Cookies permeten a la web, entre altres coses, emmagatzemar i recuperar informaci\u00f3 sobre els h\u00e0bits de navegaci\u00f3 de l\u2019usuari o del seu equip i, depenent de la informaci\u00f3 que continguin i de la forma en qu\u00e8 utilitzi el seu equip, poden utilitzar-se per a recon\u00e8ixer a l\u2019usuari.<\/p>\n<p>L\u2019usuari t\u00e9 l\u2019opci\u00f3 d\u2019impedir la generaci\u00f3 de cookies, mitjan\u00e7ant la selecci\u00f3 de la corresponent opci\u00f3 en el seu programa de navegador. Pot obtenir m\u00e9s informaci\u00f3 llegint la nostra Pol\u00edtica de Cookies.<\/p>\n<p>Data d\u2019actualitzaci\u00f3: 02\/04\/2025<\/p>\n","protected":false},"excerpt":{"rendered":"<p>Pol\u00edtica de Privacitat Web &nbsp; Responsable del Tractament L\u2019empresa responsable  [&#8230;]<\/p>\n","protected":false},"author":1,"featured_media":0,"parent":0,"menu_order":0,"comment_status":"closed","ping_status":"closed","template":"100-width.php","meta":{"footnotes":""},"class_list":["post-17787","page","type-page","status-publish","hentry"],"yoast_head":"<!-- This site is optimized with the Yoast SEO plugin v27.4 - https:\/\/yoast.com\/product\/yoast-seo-wordpress\/ -->\n<title>Politica de privacitat web - Adimir Atenci\u00f3n integral a personas con diversidad funcional<\/title>\n<meta name=\"robots\" content=\"index, follow, max-snippet:-1, max-image-preview:large, max-video-preview:-1\" \/>\n<link rel=\"canonical\" href=\"https:\/\/adimir.org\/ca\/politica-de-privacitat-web\/\" \/>\n<meta property=\"og:locale\" content=\"ca_ES\" \/>\n<meta property=\"og:type\" content=\"article\" \/>\n<meta property=\"og:title\" content=\"Politica de privacitat web - Adimir Atenci\u00f3n integral a personas con diversidad funcional\" \/>\n<meta property=\"og:description\" content=\"Pol\u00edtica de Privacitat Web &nbsp; Responsable del Tractament L\u2019empresa responsable [...]\" \/>\n<meta property=\"og:url\" content=\"https:\/\/adimir.org\/ca\/politica-de-privacitat-web\/\" \/>\n<meta property=\"og:site_name\" content=\"Adimir Atenci\u00f3n integral a personas con diversidad funcional\" \/>\n<meta property=\"article:modified_time\" content=\"2025-10-14T13:31:28+00:00\" \/>\n<meta name=\"twitter:card\" content=\"summary_large_image\" \/>\n<meta name=\"twitter:label1\" content=\"Temps estimat de lectura\" \/>\n\t<meta name=\"twitter:data1\" content=\"9 minuts\" \/>\n<script type=\"application\/ld+json\" class=\"yoast-schema-graph\">{\"@context\":\"https:\\\/\\\/schema.org\",\"@graph\":[{\"@type\":\"WebPage\",\"@id\":\"https:\\\/\\\/adimir.org\\\/ca\\\/politica-de-privacitat-web\\\/\",\"url\":\"https:\\\/\\\/adimir.org\\\/ca\\\/politica-de-privacitat-web\\\/\",\"name\":\"Politica de privacitat web - Adimir Atenci\u00f3n integral a personas con diversidad funcional\",\"isPartOf\":{\"@id\":\"https:\\\/\\\/adimir.org\\\/ca\\\/#website\"},\"datePublished\":\"2025-10-13T15:15:03+00:00\",\"dateModified\":\"2025-10-14T13:31:28+00:00\",\"breadcrumb\":{\"@id\":\"https:\\\/\\\/adimir.org\\\/ca\\\/politica-de-privacitat-web\\\/#breadcrumb\"},\"inLanguage\":\"ca\",\"potentialAction\":[{\"@type\":\"ReadAction\",\"target\":[\"https:\\\/\\\/adimir.org\\\/ca\\\/politica-de-privacitat-web\\\/\"]}]},{\"@type\":\"BreadcrumbList\",\"@id\":\"https:\\\/\\\/adimir.org\\\/ca\\\/politica-de-privacitat-web\\\/#breadcrumb\",\"itemListElement\":[{\"@type\":\"ListItem\",\"position\":1,\"name\":\"Inicio\",\"item\":\"https:\\\/\\\/adimir.org\\\/ca\\\/\"},{\"@type\":\"ListItem\",\"position\":2,\"name\":\"Politica de privacitat web\"}]},{\"@type\":\"WebSite\",\"@id\":\"https:\\\/\\\/adimir.org\\\/ca\\\/#website\",\"url\":\"https:\\\/\\\/adimir.org\\\/ca\\\/\",\"name\":\"Adimir Atenci\u00f3n integral a personas con diversidad funcional\",\"description\":\"\",\"publisher\":{\"@id\":\"https:\\\/\\\/adimir.org\\\/ca\\\/#organization\"},\"potentialAction\":[{\"@type\":\"SearchAction\",\"target\":{\"@type\":\"EntryPoint\",\"urlTemplate\":\"https:\\\/\\\/adimir.org\\\/ca\\\/?s={search_term_string}\"},\"query-input\":{\"@type\":\"PropertyValueSpecification\",\"valueRequired\":true,\"valueName\":\"search_term_string\"}}],\"inLanguage\":\"ca\"},{\"@type\":\"Organization\",\"@id\":\"https:\\\/\\\/adimir.org\\\/ca\\\/#organization\",\"name\":\"Adimir Atenci\u00f3n integral a personas con diversidad funcional\",\"url\":\"https:\\\/\\\/adimir.org\\\/ca\\\/\",\"logo\":{\"@type\":\"ImageObject\",\"inLanguage\":\"ca\",\"@id\":\"https:\\\/\\\/adimir.org\\\/ca\\\/#\\\/schema\\\/logo\\\/image\\\/\",\"url\":\"https:\\\/\\\/adimir.pruebasweb.com.es\\\/wp-content\\\/uploads\\\/2024\\\/08\\\/Adimir-500.png\",\"contentUrl\":\"https:\\\/\\\/adimir.pruebasweb.com.es\\\/wp-content\\\/uploads\\\/2024\\\/08\\\/Adimir-500.png\",\"width\":500,\"height\":273,\"caption\":\"Adimir Atenci\u00f3n integral a personas con diversidad funcional\"},\"image\":{\"@id\":\"https:\\\/\\\/adimir.org\\\/ca\\\/#\\\/schema\\\/logo\\\/image\\\/\"}}]}<\/script>\n<!-- \/ Yoast SEO plugin. -->","yoast_head_json":{"title":"Politica de privacitat web - Adimir Atenci\u00f3n integral a personas con diversidad funcional","robots":{"index":"index","follow":"follow","max-snippet":"max-snippet:-1","max-image-preview":"max-image-preview:large","max-video-preview":"max-video-preview:-1"},"canonical":"https:\/\/adimir.org\/ca\/politica-de-privacitat-web\/","og_locale":"ca_ES","og_type":"article","og_title":"Politica de privacitat web - Adimir Atenci\u00f3n integral a personas con diversidad funcional","og_description":"Pol\u00edtica de Privacitat Web &nbsp; Responsable del Tractament L\u2019empresa responsable [...]","og_url":"https:\/\/adimir.org\/ca\/politica-de-privacitat-web\/","og_site_name":"Adimir Atenci\u00f3n integral a personas con diversidad funcional","article_modified_time":"2025-10-14T13:31:28+00:00","twitter_card":"summary_large_image","twitter_misc":{"Temps estimat de lectura":"9 minuts"},"schema":{"@context":"https:\/\/schema.org","@graph":[{"@type":"WebPage","@id":"https:\/\/adimir.org\/ca\/politica-de-privacitat-web\/","url":"https:\/\/adimir.org\/ca\/politica-de-privacitat-web\/","name":"Politica de privacitat web - Adimir Atenci\u00f3n integral a personas con diversidad funcional","isPartOf":{"@id":"https:\/\/adimir.org\/ca\/#website"},"datePublished":"2025-10-13T15:15:03+00:00","dateModified":"2025-10-14T13:31:28+00:00","breadcrumb":{"@id":"https:\/\/adimir.org\/ca\/politica-de-privacitat-web\/#breadcrumb"},"inLanguage":"ca","potentialAction":[{"@type":"ReadAction","target":["https:\/\/adimir.org\/ca\/politica-de-privacitat-web\/"]}]},{"@type":"BreadcrumbList","@id":"https:\/\/adimir.org\/ca\/politica-de-privacitat-web\/#breadcrumb","itemListElement":[{"@type":"ListItem","position":1,"name":"Inicio","item":"https:\/\/adimir.org\/ca\/"},{"@type":"ListItem","position":2,"name":"Politica de privacitat web"}]},{"@type":"WebSite","@id":"https:\/\/adimir.org\/ca\/#website","url":"https:\/\/adimir.org\/ca\/","name":"Adimir Atenci\u00f3n integral a personas con diversidad funcional","description":"","publisher":{"@id":"https:\/\/adimir.org\/ca\/#organization"},"potentialAction":[{"@type":"SearchAction","target":{"@type":"EntryPoint","urlTemplate":"https:\/\/adimir.org\/ca\/?s={search_term_string}"},"query-input":{"@type":"PropertyValueSpecification","valueRequired":true,"valueName":"search_term_string"}}],"inLanguage":"ca"},{"@type":"Organization","@id":"https:\/\/adimir.org\/ca\/#organization","name":"Adimir Atenci\u00f3n integral a personas con diversidad funcional","url":"https:\/\/adimir.org\/ca\/","logo":{"@type":"ImageObject","inLanguage":"ca","@id":"https:\/\/adimir.org\/ca\/#\/schema\/logo\/image\/","url":"https:\/\/adimir.pruebasweb.com.es\/wp-content\/uploads\/2024\/08\/Adimir-500.png","contentUrl":"https:\/\/adimir.pruebasweb.com.es\/wp-content\/uploads\/2024\/08\/Adimir-500.png","width":500,"height":273,"caption":"Adimir Atenci\u00f3n integral a personas con diversidad funcional"},"image":{"@id":"https:\/\/adimir.org\/ca\/#\/schema\/logo\/image\/"}}]}},"_links":{"self":[{"href":"https:\/\/adimir.org\/ca\/wp-json\/wp\/v2\/pages\/17787","targetHints":{"allow":["GET"]}}],"collection":[{"href":"https:\/\/adimir.org\/ca\/wp-json\/wp\/v2\/pages"}],"about":[{"href":"https:\/\/adimir.org\/ca\/wp-json\/wp\/v2\/types\/page"}],"author":[{"embeddable":true,"href":"https:\/\/adimir.org\/ca\/wp-json\/wp\/v2\/users\/1"}],"replies":[{"embeddable":true,"href":"https:\/\/adimir.org\/ca\/wp-json\/wp\/v2\/comments?post=17787"}],"version-history":[{"count":6,"href":"https:\/\/adimir.org\/ca\/wp-json\/wp\/v2\/pages\/17787\/revisions"}],"predecessor-version":[{"id":17817,"href":"https:\/\/adimir.org\/ca\/wp-json\/wp\/v2\/pages\/17787\/revisions\/17817"}],"wp:attachment":[{"href":"https:\/\/adimir.org\/ca\/wp-json\/wp\/v2\/media?parent=17787"}],"curies":[{"name":"wp","href":"https:\/\/api.w.org\/{rel}","templated":true}]}}