{"id":6122,"date":"2025-01-23T17:25:59","date_gmt":"2025-01-23T16:25:59","guid":{"rendered":"https:\/\/adimir.org\/info-sobre-cookies\/"},"modified":"2025-04-01T17:43:12","modified_gmt":"2025-04-01T15:43:12","slug":"info-sobre-cookies","status":"publish","type":"page","link":"https:\/\/adimir.org\/ca\/info-sobre-cookies\/","title":{"rendered":"Informaci\u00f3 sobre cookies"},"content":{"rendered":"<div class=\"fusion-fullwidth fullwidth-box fusion-builder-row-1 fusion-flex-container has-pattern-background has-mask-background nonhundred-percent-fullwidth non-hundred-percent-height-scrolling\" style=\"--awb-border-radius-top-left:0px;--awb-border-radius-top-right:0px;--awb-border-radius-bottom-right:0px;--awb-border-radius-bottom-left:0px;--awb-padding-bottom:4%;--awb-flex-wrap:wrap;\" ><div class=\"fusion-builder-row fusion-row fusion-flex-align-items-flex-start fusion-flex-content-wrap\" style=\"max-width:1508px;margin-left: calc(-4% \/ 2 );margin-right: calc(-4% \/ 2 );\"><div class=\"fusion-layout-column fusion_builder_column fusion-builder-column-0 fusion_builder_column_1_1 1_1 fusion-flex-column\" style=\"--awb-bg-size:cover;--awb-width-large:100%;--awb-margin-top-large:0px;--awb-spacing-right-large:1.92%;--awb-margin-bottom-large:20px;--awb-spacing-left-large:1.92%;--awb-width-medium:100%;--awb-order-medium:0;--awb-spacing-right-medium:1.92%;--awb-spacing-left-medium:1.92%;--awb-width-small:100%;--awb-order-small:0;--awb-spacing-right-small:1.92%;--awb-spacing-left-small:1.92%;\"><div class=\"fusion-column-wrapper fusion-column-has-shadow fusion-flex-justify-content-flex-start fusion-content-layout-column\"><div class=\"fusion-text fusion-text-1\"><p><strong>\u00das de cookies<\/strong><br \/>\nEn el nostre lloc web utilitzem cookies pr\u00f2pies i de tercers (Google Analytics) per a millorar la teva experi\u00e8ncia d&#8217;usuari i recollir dades estad\u00edstiques sobre l&#8217;\u00fas de la nostra web per part dels usuaris. Les cookies s&#8217;associen \u00fanicament al cercador que est\u00e0 utilitzant, de manera que no s&#8217;emmagatzemi cap mena de dades personals sobre l&#8217;usuari que visita la nostra p\u00e0gina web. Vost\u00e8 pot configurar el seu cercador perqu\u00e8 notifiqui i\/o rebutgi la instal\u00b7laci\u00f3 de les cookies, sense que aix\u00f2 perjudiqui la possibilitat de l&#8217;usuari de poder accedir a les diferents zones de la web, excepte al servei de xat de suport t\u00e8cnic.<\/p>\n<p>Si navegues per la nostra web, estar\u00e0s acceptant l&#8217;\u00fas de les cookies en les condicions establertes en aquesta <strong>Pol\u00edtica de Cookies<\/strong>. Aquesta pol\u00edtica pot ser actualitzada, per la qual cosa et convidem a revisar-la de manera regular.<\/p>\n<p><strong>Qu\u00e8 s\u00f3n les cookies?<\/strong><br \/>\nS\u00f3n petits fitxers de dades que el servidor d&#8217;Internet envia al dispositiu amb el qual et connectes a les nostres webs i que aquest arxiva. S&#8217;associen \u00fanicament al teu cercador i no proporcionen per si mateixes dades personals. Les cookies no poden danyar el teu dispositiu i a m\u00e9s s\u00f3n molt \u00fatils, ja que ens ajuden a identificar i resoldre errors.<\/p>\n<p>Si vols m\u00e9s informaci\u00f3 sobre el seu funcionament, et recomanem visitar <a href=\"http:\/\/www.allaboutcookies.org\" target=\"_blank\" rel=\"noopener\"><strong>www.allaboutcookies.org <\/strong><\/a>i <a href=\"http:\/\/www.youronlinechoices.eu\/es\/\" target=\"_blank\" rel=\"noopener\"><strong>www.youronlinechoices.eu<\/strong><\/a><\/p>\n<p><strong>Cookies de xarxes socials<\/strong><br \/>\nEn la nostra p\u00e0gina web s&#8217;inclouen botons que els usuaris poden utilitzar, de forma senzilla i intu\u00eftiva, per a enlla\u00e7ar i compartir uns certs continguts en les xarxes socials com Facebook, Twitter, Google+, LinkedIn o Pinterest. Aquesta funcionalitat comporta l&#8217;\u00fas de cookies que enllacen amb les p\u00e0gines web d&#8217;aquestes xarxes socials, emmagatzemant la informaci\u00f3 \u00fanicament en aquestes.<\/p>\n<p><strong>Configuraci\u00f3 de les cookies<\/strong><br \/>\nPots consultar els passos per a deshabilitar la instal\u00b7laci\u00f3 de cookies en la secci\u00f3 &#8220;Ajuda&#8221; del teu navegador: Microsoft Internet Explorer, Google Chrome, Safari, Mozilla Firefox i Opera.<\/p>\n<p>Molts navegadors permeten activar un mode privat mitjan\u00e7ant el qual les cookies s&#8217;esborren sempre despr\u00e9s de la teva visita a la web. Depenent de cada navegador aquest mode privat pot tenir diferents noms. A continuaci\u00f3, trobar\u00e0 una llista dels navegadors m\u00e9s comuns i els diferents noms d&#8217;aquest &#8220;mode privat&#8221;:<\/p>\n<ul>\n<li>Internet Explorer 8 i superior &#8211; InPrivate<\/li>\n<li>Microsoft Edge<\/li>\n<li>Opera 10.5 i superior &#8211; Navegaci\u00f3 Privada<\/li>\n<li>Google Chrome 10 i superior &#8211; Inc\u00f2gnit<\/li>\n<li>Safari 2 i superior &#8211; Navegaci\u00f3 Privada<\/li>\n<li>Firefox 3.5 i superior &#8211; Navegaci\u00f3 Privada<\/li>\n<\/ul>\n<p>A continuaci\u00f3 us detallem la relaci\u00f3 de cookies utilitzades per <a href=\"http:\/\/adimir.org\">adimir.org<\/a>:<\/p>\n<\/div>\n<div class=\"table-1\">\n<table width=\"100%\">\n<thead>\n<tr>\n<th align=\"left\">Cookie<\/th>\n<th align=\"left\">Tipus<\/th>\n<th align=\"left\">Duraci\u00f3<\/th>\n<th align=\"left\">Descripci\u00f3<\/th>\n<\/tr>\n<\/thead>\n<tbody>\n<tr>\n<td>devicePixelRatio<\/td>\n<td>Associada al lloc web<\/td>\n<td>Als 7 dies<\/td>\n<td>Permet diferenciar entre els diferents objectes de seguiment que es creen en la sessi\u00f3.<\/td>\n<\/tr>\n<tr>\n<td>wordpress_logged_in[hash]<\/td>\n<td>De tercers<\/td>\n<td>Sessi\u00f3<\/td>\n<td>Indica si l&#8217;usuari est\u00e0 connectat i qui \u00e9s.<\/td>\n<\/tr>\n<tr>\n<td>wordpress_test_cookie<\/td>\n<td>De tercers<\/td>\n<td>Sessi\u00f3<\/td>\n<td>Aquesta cookie s&#8217;usa perqu\u00e8 el gestor de continguts WordPress comprobi si el navegador t\u00e9s les cookies activades.<\/td>\n<\/tr>\n<tr>\n<td>wp-settings-1<\/td>\n<td>De tercers<\/td>\n<td>En tancar el navegador<\/td>\n<td>Utilitzada per a personalitzar la interf\u00edcie d&#8217;usuari.<\/td>\n<\/tr>\n<tr>\n<td>wp-settings-time-1<\/td>\n<td>Pr\u00f2pia<\/td>\n<td>1 any<\/td>\n<td>Personalitzar Interf\u00edcie<\/td>\n<\/tr>\n<\/tbody>\n<\/table>\n<\/div>\n<\/div><\/div><\/div><\/div>\n","protected":false},"excerpt":{"rendered":"","protected":false},"author":1,"featured_media":0,"parent":0,"menu_order":0,"comment_status":"closed","ping_status":"closed","template":"100-width.php","meta":{"footnotes":""},"class_list":["post-6122","page","type-page","status-publish","hentry"],"yoast_head":"<!-- This site is optimized with the Yoast SEO plugin v27.4 - https:\/\/yoast.com\/product\/yoast-seo-wordpress\/ -->\n<title>Informaci\u00f3 cookies per a la web d&#039; adimir.org<\/title>\n<meta name=\"description\" content=\"Informaci\u00f3 sobre Llei de Cookies. Som una associaci\u00f3 sense \u00e0nim de lucre de Montcada i Reixac, amb un centre d&#039;atenci\u00f3 per a persones amb discapacitat.\" \/>\n<meta name=\"robots\" content=\"index, follow, max-snippet:-1, max-image-preview:large, max-video-preview:-1\" \/>\n<link rel=\"canonical\" href=\"https:\/\/adimir.org\/ca\/info-sobre-cookies\/\" \/>\n<meta property=\"og:locale\" content=\"ca_ES\" \/>\n<meta property=\"og:type\" content=\"article\" \/>\n<meta property=\"og:title\" content=\"Informaci\u00f3 cookies per a la web d&#039; adimir.org\" \/>\n<meta property=\"og:description\" content=\"Informaci\u00f3 sobre Llei de Cookies. Som una associaci\u00f3 sense \u00e0nim de lucre de Montcada i Reixac, amb un centre d&#039;atenci\u00f3 per a persones amb discapacitat.\" \/>\n<meta property=\"og:url\" content=\"https:\/\/adimir.org\/ca\/info-sobre-cookies\/\" \/>\n<meta property=\"og:site_name\" content=\"Adimir Atenci\u00f3n integral a personas con diversidad funcional\" \/>\n<meta property=\"article:modified_time\" content=\"2025-04-01T15:43:12+00:00\" \/>\n<meta name=\"twitter:card\" content=\"summary_large_image\" \/>\n<meta name=\"twitter:label1\" content=\"Temps estimat de lectura\" \/>\n\t<meta name=\"twitter:data1\" content=\"3 minuts\" \/>\n<script type=\"application\/ld+json\" class=\"yoast-schema-graph\">{\"@context\":\"https:\\\/\\\/schema.org\",\"@graph\":[{\"@type\":\"WebPage\",\"@id\":\"https:\\\/\\\/adimir.org\\\/ca\\\/info-sobre-cookies\\\/\",\"url\":\"https:\\\/\\\/adimir.org\\\/ca\\\/info-sobre-cookies\\\/\",\"name\":\"Informaci\u00f3 cookies per a la web d' adimir.org\",\"isPartOf\":{\"@id\":\"https:\\\/\\\/adimir.org\\\/ca\\\/#website\"},\"datePublished\":\"2025-01-23T16:25:59+00:00\",\"dateModified\":\"2025-04-01T15:43:12+00:00\",\"description\":\"Informaci\u00f3 sobre Llei de Cookies. Som una associaci\u00f3 sense \u00e0nim de lucre de Montcada i Reixac, amb un centre d'atenci\u00f3 per a persones amb discapacitat.\",\"breadcrumb\":{\"@id\":\"https:\\\/\\\/adimir.org\\\/ca\\\/info-sobre-cookies\\\/#breadcrumb\"},\"inLanguage\":\"ca\",\"potentialAction\":[{\"@type\":\"ReadAction\",\"target\":[\"https:\\\/\\\/adimir.org\\\/ca\\\/info-sobre-cookies\\\/\"]}]},{\"@type\":\"BreadcrumbList\",\"@id\":\"https:\\\/\\\/adimir.org\\\/ca\\\/info-sobre-cookies\\\/#breadcrumb\",\"itemListElement\":[{\"@type\":\"ListItem\",\"position\":1,\"name\":\"Inicio\",\"item\":\"https:\\\/\\\/adimir.org\\\/ca\\\/\"},{\"@type\":\"ListItem\",\"position\":2,\"name\":\"Informaci\u00f3 sobre cookies\"}]},{\"@type\":\"WebSite\",\"@id\":\"https:\\\/\\\/adimir.org\\\/ca\\\/#website\",\"url\":\"https:\\\/\\\/adimir.org\\\/ca\\\/\",\"name\":\"Adimir Atenci\u00f3n integral a personas con diversidad funcional\",\"description\":\"\",\"publisher\":{\"@id\":\"https:\\\/\\\/adimir.org\\\/ca\\\/#organization\"},\"potentialAction\":[{\"@type\":\"SearchAction\",\"target\":{\"@type\":\"EntryPoint\",\"urlTemplate\":\"https:\\\/\\\/adimir.org\\\/ca\\\/?s={search_term_string}\"},\"query-input\":{\"@type\":\"PropertyValueSpecification\",\"valueRequired\":true,\"valueName\":\"search_term_string\"}}],\"inLanguage\":\"ca\"},{\"@type\":\"Organization\",\"@id\":\"https:\\\/\\\/adimir.org\\\/ca\\\/#organization\",\"name\":\"Adimir Atenci\u00f3n integral a personas con diversidad funcional\",\"url\":\"https:\\\/\\\/adimir.org\\\/ca\\\/\",\"logo\":{\"@type\":\"ImageObject\",\"inLanguage\":\"ca\",\"@id\":\"https:\\\/\\\/adimir.org\\\/ca\\\/#\\\/schema\\\/logo\\\/image\\\/\",\"url\":\"https:\\\/\\\/adimir.pruebasweb.com.es\\\/wp-content\\\/uploads\\\/2024\\\/08\\\/Adimir-500.png\",\"contentUrl\":\"https:\\\/\\\/adimir.pruebasweb.com.es\\\/wp-content\\\/uploads\\\/2024\\\/08\\\/Adimir-500.png\",\"width\":500,\"height\":273,\"caption\":\"Adimir Atenci\u00f3n integral a personas con diversidad funcional\"},\"image\":{\"@id\":\"https:\\\/\\\/adimir.org\\\/ca\\\/#\\\/schema\\\/logo\\\/image\\\/\"}}]}<\/script>\n<!-- \/ Yoast SEO plugin. -->","yoast_head_json":{"title":"Informaci\u00f3 cookies per a la web d' adimir.org","description":"Informaci\u00f3 sobre Llei de Cookies. Som una associaci\u00f3 sense \u00e0nim de lucre de Montcada i Reixac, amb un centre d'atenci\u00f3 per a persones amb discapacitat.","robots":{"index":"index","follow":"follow","max-snippet":"max-snippet:-1","max-image-preview":"max-image-preview:large","max-video-preview":"max-video-preview:-1"},"canonical":"https:\/\/adimir.org\/ca\/info-sobre-cookies\/","og_locale":"ca_ES","og_type":"article","og_title":"Informaci\u00f3 cookies per a la web d' adimir.org","og_description":"Informaci\u00f3 sobre Llei de Cookies. Som una associaci\u00f3 sense \u00e0nim de lucre de Montcada i Reixac, amb un centre d'atenci\u00f3 per a persones amb discapacitat.","og_url":"https:\/\/adimir.org\/ca\/info-sobre-cookies\/","og_site_name":"Adimir Atenci\u00f3n integral a personas con diversidad funcional","article_modified_time":"2025-04-01T15:43:12+00:00","twitter_card":"summary_large_image","twitter_misc":{"Temps estimat de lectura":"3 minuts"},"schema":{"@context":"https:\/\/schema.org","@graph":[{"@type":"WebPage","@id":"https:\/\/adimir.org\/ca\/info-sobre-cookies\/","url":"https:\/\/adimir.org\/ca\/info-sobre-cookies\/","name":"Informaci\u00f3 cookies per a la web d' adimir.org","isPartOf":{"@id":"https:\/\/adimir.org\/ca\/#website"},"datePublished":"2025-01-23T16:25:59+00:00","dateModified":"2025-04-01T15:43:12+00:00","description":"Informaci\u00f3 sobre Llei de Cookies. Som una associaci\u00f3 sense \u00e0nim de lucre de Montcada i Reixac, amb un centre d'atenci\u00f3 per a persones amb discapacitat.","breadcrumb":{"@id":"https:\/\/adimir.org\/ca\/info-sobre-cookies\/#breadcrumb"},"inLanguage":"ca","potentialAction":[{"@type":"ReadAction","target":["https:\/\/adimir.org\/ca\/info-sobre-cookies\/"]}]},{"@type":"BreadcrumbList","@id":"https:\/\/adimir.org\/ca\/info-sobre-cookies\/#breadcrumb","itemListElement":[{"@type":"ListItem","position":1,"name":"Inicio","item":"https:\/\/adimir.org\/ca\/"},{"@type":"ListItem","position":2,"name":"Informaci\u00f3 sobre cookies"}]},{"@type":"WebSite","@id":"https:\/\/adimir.org\/ca\/#website","url":"https:\/\/adimir.org\/ca\/","name":"Adimir Atenci\u00f3n integral a personas con diversidad funcional","description":"","publisher":{"@id":"https:\/\/adimir.org\/ca\/#organization"},"potentialAction":[{"@type":"SearchAction","target":{"@type":"EntryPoint","urlTemplate":"https:\/\/adimir.org\/ca\/?s={search_term_string}"},"query-input":{"@type":"PropertyValueSpecification","valueRequired":true,"valueName":"search_term_string"}}],"inLanguage":"ca"},{"@type":"Organization","@id":"https:\/\/adimir.org\/ca\/#organization","name":"Adimir Atenci\u00f3n integral a personas con diversidad funcional","url":"https:\/\/adimir.org\/ca\/","logo":{"@type":"ImageObject","inLanguage":"ca","@id":"https:\/\/adimir.org\/ca\/#\/schema\/logo\/image\/","url":"https:\/\/adimir.pruebasweb.com.es\/wp-content\/uploads\/2024\/08\/Adimir-500.png","contentUrl":"https:\/\/adimir.pruebasweb.com.es\/wp-content\/uploads\/2024\/08\/Adimir-500.png","width":500,"height":273,"caption":"Adimir Atenci\u00f3n integral a personas con diversidad funcional"},"image":{"@id":"https:\/\/adimir.org\/ca\/#\/schema\/logo\/image\/"}}]}},"_links":{"self":[{"href":"https:\/\/adimir.org\/ca\/wp-json\/wp\/v2\/pages\/6122","targetHints":{"allow":["GET"]}}],"collection":[{"href":"https:\/\/adimir.org\/ca\/wp-json\/wp\/v2\/pages"}],"about":[{"href":"https:\/\/adimir.org\/ca\/wp-json\/wp\/v2\/types\/page"}],"author":[{"embeddable":true,"href":"https:\/\/adimir.org\/ca\/wp-json\/wp\/v2\/users\/1"}],"replies":[{"embeddable":true,"href":"https:\/\/adimir.org\/ca\/wp-json\/wp\/v2\/comments?post=6122"}],"version-history":[{"count":0,"href":"https:\/\/adimir.org\/ca\/wp-json\/wp\/v2\/pages\/6122\/revisions"}],"wp:attachment":[{"href":"https:\/\/adimir.org\/ca\/wp-json\/wp\/v2\/media?parent=6122"}],"curies":[{"name":"wp","href":"https:\/\/api.w.org\/{rel}","templated":true}]}}