{"id":6175,"date":"2025-01-23T17:08:38","date_gmt":"2025-01-23T16:08:38","guid":{"rendered":"https:\/\/adimir.org\/politica-de-privacidad-en-redes-sociales\/"},"modified":"2025-10-14T12:14:03","modified_gmt":"2025-10-14T10:14:03","slug":"politica-de-privacitat-en-xarxes-socials","status":"publish","type":"page","link":"https:\/\/adimir.org\/ca\/politica-de-privacitat-en-xarxes-socials\/","title":{"rendered":"Pol\u00edtica de privacitat en xarxes socials"},"content":{"rendered":"<div class=\"fusion-fullwidth fullwidth-box fusion-builder-row-1 fusion-flex-container has-pattern-background has-mask-background nonhundred-percent-fullwidth non-hundred-percent-height-scrolling\" style=\"--awb-border-radius-top-left:0px;--awb-border-radius-top-right:0px;--awb-border-radius-bottom-right:0px;--awb-border-radius-bottom-left:0px;--awb-flex-wrap:wrap;\" ><div class=\"fusion-builder-row fusion-row fusion-flex-align-items-flex-start fusion-flex-content-wrap\" style=\"max-width:1508px;margin-left: calc(-4% \/ 2 );margin-right: calc(-4% \/ 2 );\"><div class=\"fusion-layout-column fusion_builder_column fusion-builder-column-0 fusion_builder_column_1_1 1_1 fusion-flex-column\" style=\"--awb-bg-size:cover;--awb-width-large:100%;--awb-margin-top-large:0px;--awb-spacing-right-large:1.92%;--awb-margin-bottom-large:20px;--awb-spacing-left-large:1.92%;--awb-width-medium:100%;--awb-order-medium:0;--awb-spacing-right-medium:1.92%;--awb-spacing-left-medium:1.92%;--awb-width-small:100%;--awb-order-small:0;--awb-spacing-right-small:1.92%;--awb-spacing-left-small:1.92%;\"><div class=\"fusion-column-wrapper fusion-column-has-shadow fusion-flex-justify-content-flex-start fusion-content-layout-column\"><div class=\"fusion-text fusion-text-1\" style=\"--awb-content-alignment:justify;\"><p><strong>1. INFORMACI\u00d3 A LA PERSONA USU\u00c0RIA<\/strong><\/p>\n<p><strong>Qui \u00e9s el responsable del tractament de les seves dades personals?<\/strong><\/p>\n<p>FUNDACI\u00d3 ADIMIR ser\u00e0 el responsable del tractament de les dades personals d&#8217;aquelles PERSONES que han creat un perfil en qualsevol de les seves xarxes socials, i els mateixos seran tractats de conformitat amb el que es disposa en el Reglament (UE) 2016\/679, de 27 d&#8217;abril (GDPR), la Llei org\u00e0nica 3\/2018, de 5 de desembre (LOPDGDD), i la Llei de Serveis de la Societat de la Informaci\u00f3 i Comer\u00e7 Electr\u00f2nic (LSSI), facilitant la seg\u00fcent informaci\u00f3 del tractament:<\/p>\n<p><strong>Per a qu\u00e8 tractem les seves dades personals?<\/strong><\/p>\n<p><strong>Finalitat del tractament<\/strong>: per a mantenir una relaci\u00f3 entre la PERSONA USU\u00c0RIA i FUNDACI\u00d3 ADIMIR (d&#8217;ara endavant el RESPONSABLE) que pot incloure les seg\u00fcents operacions:<\/p>\n<ul>\n<li>Tramitar sol\u00b7licituds i consultes plantejades al responsable<\/li>\n<li>Informar sobre activitats i esdeveniments organitzats pel responsable<\/li>\n<li>Informar sobre productes o serveis oferts pel responsable<\/li>\n<li>Interactuar a trav\u00e9s dels perfils oficials.<\/li>\n<\/ul>\n<p>Quan el RESPONSABLE recopili i tracti dades personals a trav\u00e9s de les seves xarxes socials, les PERSONES USU\u00c0RIES seran informades sobre la finalitat de la recopilaci\u00f3 de dades, aix\u00ed com sobre els seus drets amb relaci\u00f3 a les seves dades personals. Les dades personals s&#8217;utilitzaran \u00fanicament per als fins indicats i es<br \/>\nmantindran de manera segura.<\/p>\n<p><strong>Base Jur\u00eddica del Tractament<\/strong>: el consentiment expl\u00edcit atorgat per la PERSONA USU\u00c0RIA per al tractament de les seves dades personals per a un o diversos fins espec\u00edfics (article 6.1.a GDPR). D&#8217;altra banda, la PERSONA USU\u00c0RIA pot accedir en tot moment a les pol\u00edtiques de privacitat de la mateixa xarxa social, aix\u00ed com configurar el seu perfil per a garantir la seva privacitat.<\/p>\n<p><strong>Durant quant temps guardarem les seves dades personals?<\/strong><\/p>\n<p><strong>Criteris de conservaci\u00f3 de les dades<\/strong>: es conservaran mentre la PERSONA USU\u00c0RIA no revoqui el consentiment prestat tal com s&#8217;indica en aquesta pol\u00edtica de privacitat.<\/p>\n<p><strong>A qui facilitem les seves dades personals?<\/strong><\/p>\n<p><strong>Comunicaci\u00f3 de les dades<\/strong>: la informaci\u00f3 facilitada per la PERSONA USU\u00c0RIA a trav\u00e9s de les xarxes socials del RESPONSABLE, inclosos les seves dades personals, pot ser publicada, sempre en funci\u00f3 dels serveis que la PERSONA USU\u00c0RIA utilitzi, per la qual cosa podr\u00e0 quedar a disposici\u00f3 p\u00fablica d&#8217;uns altres tercers usuaris de les xarxes socials. Des del perfil de cada xarxa social, la PERSONA USU\u00c0RIA pot configurar quina informaci\u00f3 vol fer p\u00fablica en cada cas, veure els permisos que s&#8217;han concedit, eliminar-los o desactivar-los, com qualsevol aplicaci\u00f3 d&#8217;un tercer que ja no es desitja utilitzar.<\/p>\n<p>No obstant aix\u00f2, no est\u00e0 prevista cap comunicaci\u00f3 de dades personals a tercers fos de la xarxa social excepte, si fos imprescindible per al desenvolupament i execuci\u00f3 de les finalitats del tractament, als nostres prove\u00efdors de serveis relacionats amb comunicacions, amb els quals el RESPONSABLE t\u00e9 subscrits els contractes de confidencialitat i d&#8217;encarregat de tractament exigits per la normativa vigent de privacitat.<\/p>\n<p><strong>Quins s\u00f3n els seus drets?<\/strong><\/p>\n<p>Drets que assisteixen a la PERSONA USU\u00c0RIA: nom\u00e9s podran satisfer-se en relaci\u00f3 amb aquella informaci\u00f3 que es trobi sota el control del RESPONSABLE.<\/p>\n<p>Dret a retirar el consentiment en qualsevol moment.<\/p>\n<p>Dret d&#8217;acc\u00e9s, rectificaci\u00f3, portabilitat i supressi\u00f3 de les seves dades, i de limitaci\u00f3 o oposici\u00f3 al seu tractament.<\/p>\n<p>Dret a presentar una reclamaci\u00f3 davant l&#8217;autoritat de control (www.aepd.es) si considera que el tractament no s&#8217;ajusta a la normativa vigent.<\/p>\n<p>Dades de contacte per a exercir els seus drets:<br \/>\nFUNDACI\u00d3 ADIMIR c\/Crisantems, S\/N \u2013 08110 Montcada i Reixac (Barcelona). E-mail: adimir@adimir.org<br \/>\nLa pol\u00edtica de privacitat completa es troba disponible en adimir.org<\/p>\n<p><strong>2. UTILITZACI\u00d3 DEL PERFIL<\/strong><\/p>\n<p>El RESPONSABLE far\u00e0 les seg\u00fcents actuacions:<\/p>\n<ul>\n<li>Acc\u00e9s a la informaci\u00f3 p\u00fablica del perfil.<\/li>\n<li>Publicaci\u00f3 en el perfil de la PERSONA USU\u00c0RIA de tota aquella informaci\u00f3 ja publicada en la xarxa social del RESPONSABLE.<\/li>\n<li>Enviar missatges personals i individuals a trav\u00e9s dels canals de la xarxa social.<\/li>\n<li>Actualitzacions de l&#8217;estat de la p\u00e0gina que es publicaran en el perfil de la PERSONA USU\u00c0RIA.<\/li>\n<\/ul>\n<p>La PERSONA USU\u00c0RIA sempre pot controlar les seves connexions, eliminar els continguts que deixin d&#8217;interessar-li i restringir amb qui comparteix les seves connexions; per a aix\u00f2 haur\u00e0 d&#8217;accedir a la seva configuraci\u00f3 on trobar\u00e0 diferents possibilitats de configuraci\u00f3 en relaci\u00f3 amb el grau de privacitat del perfil d&#8217;usuari en la xarxa social.<\/p>\n<p><strong>3. PUBLICACIONS<\/strong><\/p>\n<p>L&#8217;objecte de les xarxes socials, \u00e9s donar visibilitat i difusi\u00f3 a les activitats que desenvolupa el RESPONSABLE. Aquestes eines emmagatzemen dades personals en els servidors dels serveis respectius i es regeixen per la seva pr\u00f2pia pol\u00edtica de privacitat.<\/p>\n<p>La PERSONA USU\u00c0RIA, una vegada sigui seguidora o s&#8217;hagi unit a la xarxa social del RESPONSABLE, podr\u00e0 publicar en aquesta, comentaris, enlla\u00e7os, imatges, fotografies o qualsevol altre tipus de contingut multim\u00e8dia suportat per aquesta. La PERSONA USU\u00c0RIA en tots els casos, ha de ser la titular del contingut publicat, gaudir dels drets d&#8217;autor i de propietat intel\u00b7lectual o comptar amb el consentiment dels tercers afectats.<\/p>\n<p>Es prohibeix expressament qualsevol publicaci\u00f3 en la xarxa social, ja siguin textos, gr\u00e0fics, fotografies, v\u00eddeos, etc. que atemptin o siguin susceptibles d&#8217;atemptar contra la moral, l&#8217;\u00e8tica, el bon gust o el dec\u00f2rum, i\/o que infringeixin, violin o infringeixin els drets de propietat intel\u00b7lectual o industrial, el dret a la imatge o la Llei. No es toleraran comentaris o contingut ofensiu, difamatori, il\u00b7legal o inapropiat en els perfils de l&#8217;empresa. L&#8217;Empresa es reserva el dret d&#8217;eliminar aquests comentaris o contingut i bloquejar als usuaris responsables.<\/p>\n<p>En aquests casos, el RESPONSABLE es reserva el dret a retirar immediatament el contingut, sense comunicaci\u00f3 pr\u00e8via, podent sol\u00b7licitar el bloqueig permanent de la PERSONA USU\u00c0RIA.<\/p>\n<p>El RESPONSABLE no es far\u00e0 responsable dels continguts que lliurement ha publicat la PERSONA USU\u00c0RIA.<\/p>\n<p>La PERSONA USU\u00c0RIA ha de tenir present que les seves publicacions seran conegudes per altres usuaris, per la qual cosa ell mateix \u00e9s el principal responsable de la seva privacitat.<\/p>\n<p>Les imatges que puguin publicar-se en la xarxa social no seran emmagatzemades en cap fitxer per part del RESPONSABLE, per\u00f2 si que romandran en la xarxa social.<\/p>\n<p><strong>4. DADES DE MENORS D&#8217;EDAT O PERSONES AMB CAPACITATS ESPECIALS<\/strong><\/p>\n<p>Es recomana la revisi\u00f3 i la lectura de les condicions d&#8217;\u00fas i pol\u00edtica de privacitat de cada xarxa social en el moment de registre, tenint en compte els diferents requisits d&#8217;edat per a la realitzaci\u00f3 d&#8217;aquest.<\/p>\n<p>Aix\u00ed mateix, el RESPONSABLE quedar\u00e0 expressament exonerat de qualsevol responsabilitat que pogu\u00e9s derivar-se de l&#8217;\u00fas de les xarxes socials per part de menors o persones amb capacitats especials i l&#8217;acc\u00e9s de les quals hauria de realitzar-se sota la supervisi\u00f3 i control dels seus representants legals.<\/p>\n<p>El RESPONSABLE es reserva el dret de modificar aquesta pol\u00edtica en qualsevol moment. Els canvis seran comunicats a trav\u00e9s dels nostres perfils de xarxes socials i\/o el nostre lloc web.<\/p>\n<\/div><\/div><\/div><\/div><\/div>\n","protected":false},"excerpt":{"rendered":"","protected":false},"author":1,"featured_media":0,"parent":0,"menu_order":0,"comment_status":"closed","ping_status":"closed","template":"100-width.php","meta":{"footnotes":""},"class_list":["post-6175","page","type-page","status-publish","hentry"],"yoast_head":"<!-- This site is optimized with the Yoast SEO plugin v27.3 - https:\/\/yoast.com\/product\/yoast-seo-wordpress\/ -->\n<title>Pol\u00edtica de privacitat en xarxes socials<\/title>\n<meta name=\"description\" content=\"Informaci\u00f3 sobre LOPD i LSSICE. Som una associaci\u00f3 sense \u00e0nim de lucre de Montcada i Reixac, amb un centre d&#039;atenci\u00f3 per a persones amb discapacitat.\" \/>\n<meta name=\"robots\" content=\"index, follow, max-snippet:-1, max-image-preview:large, max-video-preview:-1\" \/>\n<link rel=\"canonical\" href=\"https:\/\/adimir.org\/ca\/politica-de-privacitat-en-xarxes-socials\/\" \/>\n<meta property=\"og:locale\" content=\"ca_ES\" \/>\n<meta property=\"og:type\" content=\"article\" \/>\n<meta property=\"og:title\" content=\"Pol\u00edtica de privacitat en xarxes socials\" \/>\n<meta property=\"og:description\" content=\"Informaci\u00f3 sobre LOPD i LSSICE. Som una associaci\u00f3 sense \u00e0nim de lucre de Montcada i Reixac, amb un centre d&#039;atenci\u00f3 per a persones amb discapacitat.\" \/>\n<meta property=\"og:url\" content=\"https:\/\/adimir.org\/ca\/politica-de-privacitat-en-xarxes-socials\/\" \/>\n<meta property=\"og:site_name\" content=\"Adimir Atenci\u00f3n integral a personas con diversidad funcional\" \/>\n<meta property=\"article:modified_time\" content=\"2025-10-14T10:14:03+00:00\" \/>\n<meta name=\"twitter:card\" content=\"summary_large_image\" \/>\n<meta name=\"twitter:label1\" content=\"Temps estimat de lectura\" \/>\n\t<meta name=\"twitter:data1\" content=\"6 minuts\" \/>\n<script type=\"application\/ld+json\" class=\"yoast-schema-graph\">{\"@context\":\"https:\\\/\\\/schema.org\",\"@graph\":[{\"@type\":\"WebPage\",\"@id\":\"https:\\\/\\\/adimir.org\\\/ca\\\/politica-de-privacitat-en-xarxes-socials\\\/\",\"url\":\"https:\\\/\\\/adimir.org\\\/ca\\\/politica-de-privacitat-en-xarxes-socials\\\/\",\"name\":\"Pol\u00edtica de privacitat en xarxes socials\",\"isPartOf\":{\"@id\":\"https:\\\/\\\/adimir.org\\\/ca\\\/#website\"},\"datePublished\":\"2025-01-23T16:08:38+00:00\",\"dateModified\":\"2025-10-14T10:14:03+00:00\",\"description\":\"Informaci\u00f3 sobre LOPD i LSSICE. Som una associaci\u00f3 sense \u00e0nim de lucre de Montcada i Reixac, amb un centre d'atenci\u00f3 per a persones amb discapacitat.\",\"breadcrumb\":{\"@id\":\"https:\\\/\\\/adimir.org\\\/ca\\\/politica-de-privacitat-en-xarxes-socials\\\/#breadcrumb\"},\"inLanguage\":\"ca\",\"potentialAction\":[{\"@type\":\"ReadAction\",\"target\":[\"https:\\\/\\\/adimir.org\\\/ca\\\/politica-de-privacitat-en-xarxes-socials\\\/\"]}]},{\"@type\":\"BreadcrumbList\",\"@id\":\"https:\\\/\\\/adimir.org\\\/ca\\\/politica-de-privacitat-en-xarxes-socials\\\/#breadcrumb\",\"itemListElement\":[{\"@type\":\"ListItem\",\"position\":1,\"name\":\"Inicio\",\"item\":\"https:\\\/\\\/adimir.org\\\/ca\\\/\"},{\"@type\":\"ListItem\",\"position\":2,\"name\":\"Pol\u00edtica de privacitat en xarxes socials\"}]},{\"@type\":\"WebSite\",\"@id\":\"https:\\\/\\\/adimir.org\\\/ca\\\/#website\",\"url\":\"https:\\\/\\\/adimir.org\\\/ca\\\/\",\"name\":\"Adimir Atenci\u00f3n integral a personas con diversidad funcional\",\"description\":\"\",\"publisher\":{\"@id\":\"https:\\\/\\\/adimir.org\\\/ca\\\/#organization\"},\"potentialAction\":[{\"@type\":\"SearchAction\",\"target\":{\"@type\":\"EntryPoint\",\"urlTemplate\":\"https:\\\/\\\/adimir.org\\\/ca\\\/?s={search_term_string}\"},\"query-input\":{\"@type\":\"PropertyValueSpecification\",\"valueRequired\":true,\"valueName\":\"search_term_string\"}}],\"inLanguage\":\"ca\"},{\"@type\":\"Organization\",\"@id\":\"https:\\\/\\\/adimir.org\\\/ca\\\/#organization\",\"name\":\"Adimir Atenci\u00f3n integral a personas con diversidad funcional\",\"url\":\"https:\\\/\\\/adimir.org\\\/ca\\\/\",\"logo\":{\"@type\":\"ImageObject\",\"inLanguage\":\"ca\",\"@id\":\"https:\\\/\\\/adimir.org\\\/ca\\\/#\\\/schema\\\/logo\\\/image\\\/\",\"url\":\"https:\\\/\\\/adimir.pruebasweb.com.es\\\/wp-content\\\/uploads\\\/2024\\\/08\\\/Adimir-500.png\",\"contentUrl\":\"https:\\\/\\\/adimir.pruebasweb.com.es\\\/wp-content\\\/uploads\\\/2024\\\/08\\\/Adimir-500.png\",\"width\":500,\"height\":273,\"caption\":\"Adimir Atenci\u00f3n integral a personas con diversidad funcional\"},\"image\":{\"@id\":\"https:\\\/\\\/adimir.org\\\/ca\\\/#\\\/schema\\\/logo\\\/image\\\/\"}}]}<\/script>\n<!-- \/ Yoast SEO plugin. -->","yoast_head_json":{"title":"Pol\u00edtica de privacitat en xarxes socials","description":"Informaci\u00f3 sobre LOPD i LSSICE. Som una associaci\u00f3 sense \u00e0nim de lucre de Montcada i Reixac, amb un centre d'atenci\u00f3 per a persones amb discapacitat.","robots":{"index":"index","follow":"follow","max-snippet":"max-snippet:-1","max-image-preview":"max-image-preview:large","max-video-preview":"max-video-preview:-1"},"canonical":"https:\/\/adimir.org\/ca\/politica-de-privacitat-en-xarxes-socials\/","og_locale":"ca_ES","og_type":"article","og_title":"Pol\u00edtica de privacitat en xarxes socials","og_description":"Informaci\u00f3 sobre LOPD i LSSICE. Som una associaci\u00f3 sense \u00e0nim de lucre de Montcada i Reixac, amb un centre d'atenci\u00f3 per a persones amb discapacitat.","og_url":"https:\/\/adimir.org\/ca\/politica-de-privacitat-en-xarxes-socials\/","og_site_name":"Adimir Atenci\u00f3n integral a personas con diversidad funcional","article_modified_time":"2025-10-14T10:14:03+00:00","twitter_card":"summary_large_image","twitter_misc":{"Temps estimat de lectura":"6 minuts"},"schema":{"@context":"https:\/\/schema.org","@graph":[{"@type":"WebPage","@id":"https:\/\/adimir.org\/ca\/politica-de-privacitat-en-xarxes-socials\/","url":"https:\/\/adimir.org\/ca\/politica-de-privacitat-en-xarxes-socials\/","name":"Pol\u00edtica de privacitat en xarxes socials","isPartOf":{"@id":"https:\/\/adimir.org\/ca\/#website"},"datePublished":"2025-01-23T16:08:38+00:00","dateModified":"2025-10-14T10:14:03+00:00","description":"Informaci\u00f3 sobre LOPD i LSSICE. Som una associaci\u00f3 sense \u00e0nim de lucre de Montcada i Reixac, amb un centre d'atenci\u00f3 per a persones amb discapacitat.","breadcrumb":{"@id":"https:\/\/adimir.org\/ca\/politica-de-privacitat-en-xarxes-socials\/#breadcrumb"},"inLanguage":"ca","potentialAction":[{"@type":"ReadAction","target":["https:\/\/adimir.org\/ca\/politica-de-privacitat-en-xarxes-socials\/"]}]},{"@type":"BreadcrumbList","@id":"https:\/\/adimir.org\/ca\/politica-de-privacitat-en-xarxes-socials\/#breadcrumb","itemListElement":[{"@type":"ListItem","position":1,"name":"Inicio","item":"https:\/\/adimir.org\/ca\/"},{"@type":"ListItem","position":2,"name":"Pol\u00edtica de privacitat en xarxes socials"}]},{"@type":"WebSite","@id":"https:\/\/adimir.org\/ca\/#website","url":"https:\/\/adimir.org\/ca\/","name":"Adimir Atenci\u00f3n integral a personas con diversidad funcional","description":"","publisher":{"@id":"https:\/\/adimir.org\/ca\/#organization"},"potentialAction":[{"@type":"SearchAction","target":{"@type":"EntryPoint","urlTemplate":"https:\/\/adimir.org\/ca\/?s={search_term_string}"},"query-input":{"@type":"PropertyValueSpecification","valueRequired":true,"valueName":"search_term_string"}}],"inLanguage":"ca"},{"@type":"Organization","@id":"https:\/\/adimir.org\/ca\/#organization","name":"Adimir Atenci\u00f3n integral a personas con diversidad funcional","url":"https:\/\/adimir.org\/ca\/","logo":{"@type":"ImageObject","inLanguage":"ca","@id":"https:\/\/adimir.org\/ca\/#\/schema\/logo\/image\/","url":"https:\/\/adimir.pruebasweb.com.es\/wp-content\/uploads\/2024\/08\/Adimir-500.png","contentUrl":"https:\/\/adimir.pruebasweb.com.es\/wp-content\/uploads\/2024\/08\/Adimir-500.png","width":500,"height":273,"caption":"Adimir Atenci\u00f3n integral a personas con diversidad funcional"},"image":{"@id":"https:\/\/adimir.org\/ca\/#\/schema\/logo\/image\/"}}]}},"_links":{"self":[{"href":"https:\/\/adimir.org\/ca\/wp-json\/wp\/v2\/pages\/6175","targetHints":{"allow":["GET"]}}],"collection":[{"href":"https:\/\/adimir.org\/ca\/wp-json\/wp\/v2\/pages"}],"about":[{"href":"https:\/\/adimir.org\/ca\/wp-json\/wp\/v2\/types\/page"}],"author":[{"embeddable":true,"href":"https:\/\/adimir.org\/ca\/wp-json\/wp\/v2\/users\/1"}],"replies":[{"embeddable":true,"href":"https:\/\/adimir.org\/ca\/wp-json\/wp\/v2\/comments?post=6175"}],"version-history":[{"count":7,"href":"https:\/\/adimir.org\/ca\/wp-json\/wp\/v2\/pages\/6175\/revisions"}],"predecessor-version":[{"id":17784,"href":"https:\/\/adimir.org\/ca\/wp-json\/wp\/v2\/pages\/6175\/revisions\/17784"}],"wp:attachment":[{"href":"https:\/\/adimir.org\/ca\/wp-json\/wp\/v2\/media?parent=6175"}],"curies":[{"name":"wp","href":"https:\/\/api.w.org\/{rel}","templated":true}]}}