{"id":6385,"date":"2025-01-28T11:51:03","date_gmt":"2025-01-28T10:51:03","guid":{"rendered":"https:\/\/adimir.org\/terminos-y-condiciones-de-las-donaciones\/"},"modified":"2025-10-14T12:48:48","modified_gmt":"2025-10-14T10:48:48","slug":"termes-i-condicions-de-les-donacions","status":"publish","type":"page","link":"https:\/\/adimir.org\/ca\/termes-i-condicions-de-les-donacions\/","title":{"rendered":"Termes i condicions de les donacions"},"content":{"rendered":"<div class=\"fusion-fullwidth fullwidth-box fusion-builder-row-1 fusion-flex-container nonhundred-percent-fullwidth non-hundred-percent-height-scrolling\" style=\"--awb-border-radius-top-left:0px;--awb-border-radius-top-right:0px;--awb-border-radius-bottom-right:0px;--awb-border-radius-bottom-left:0px;--awb-flex-wrap:wrap;\" ><div class=\"fusion-builder-row fusion-row fusion-flex-align-items-flex-start fusion-flex-content-wrap\" style=\"max-width:1508px;margin-left: calc(-4% \/ 2 );margin-right: calc(-4% \/ 2 );\"><div class=\"fusion-layout-column fusion_builder_column fusion-builder-column-0 fusion_builder_column_1_1 1_1 fusion-flex-column\" style=\"--awb-bg-size:cover;--awb-width-large:100%;--awb-margin-top-large:0px;--awb-spacing-right-large:1.92%;--awb-margin-bottom-large:0px;--awb-spacing-left-large:1.92%;--awb-width-medium:100%;--awb-spacing-right-medium:1.92%;--awb-spacing-left-medium:1.92%;--awb-width-small:100%;--awb-spacing-right-small:1.92%;--awb-spacing-left-small:1.92%;\"><div class=\"fusion-column-wrapper fusion-flex-justify-content-flex-start fusion-content-layout-column\"><div class=\"fusion-text fusion-text-1\" style=\"--awb-content-alignment:justify;\"><p>Les seg\u00fcents Condicions estableixen el document contractual que regir\u00e0 la donaci\u00f3 \u201cen l\u00ednia\u201d a trav\u00e9s del lloc web <a href=\"https:\/\/adimir.org\/ca\/\">https:\/\/adimir.org\/ca\/<\/a>, propietat de la FUNDACION ADIMIR (d&#8217;ara endavant, ADIMIR). L&#8217;acceptaci\u00f3 expressa del present document suposa que l&#8217;Usuari-Donant:<\/p>\n<p>1.- Ha llegit, ent\u00e9n i compr\u00e8n tot l&#8217;aqu\u00ed exposat.<\/p>\n<p>2.-Que \u00e9s una persona major de 18 anys, i que t\u00e9 capacitat legal per a contractar, sense cap limitaci\u00f3.<\/p>\n<p>3.-Que assumeix totes les obligacions previstes en aquestes condicions.<\/p>\n<p>Les presents condicions tindran un per\u00edode de validesa indefinit, i seran aplicables a totes les donacions realitzades a trav\u00e9s del lloc web: <a href=\"http:\/\/www.adimir.org\">http:\/\/www.adimir.org<\/a> titularitat de ADIMIR.<\/p>\n<p>ADMIR es reserva el dret de modificar les presents condicions, sempre respectant la legalitat vigent, i sense que els canvis en les mateixes puguin afectar les donacions que van ser realitzades pr\u00e8viament a la modificaci\u00f3.<\/p>\n<p><strong>1.-IDENTITAT DE LES PARTS<\/strong><\/p>\n<p>D&#8217;una banda,<\/p>\n<p>El receptor de la donaci\u00f3 \u00e9s LA FUNDACI\u00d3 ADIMIR, amb domicili en C\/ CRISANTEMS, S\/N \u2013 08110 MONTCADA I REIXAC (BARCELONA) i prove\u00efda de CIF G62207444, inscrita en el Registre de Fundacions de Catalunya amb el N\u00fam. 3099<\/p>\n<p>I, d&#8217;una altra part,<\/p>\n<p>L&#8217;Usuari Donant, la donaci\u00f3 del qual pot ser an\u00f2nima o nominal, i en aquest cas \u00e9s responsable de la veracitat de les dades personals facilitades a ADIMIR.<\/p>\n<p><strong>2.-OBJECTE<\/strong><\/p>\n<p>Aquest document contractual t\u00e9 per objecte regular la relaci\u00f3 contractual de donaci\u00f3 irrevocable, simple i pura, que sorgeix entre ADIMIR i l&#8217;Usuari-Donant en el moment en qu\u00e8 aquest, seguint el proc\u00e9s de contractaci\u00f3 establert en la web, i emplenant el corresponent formulari, presta el seu consentiment, acceptant plenament i sense cap reserva, la contractaci\u00f3 \u201cen l\u00ednia\u201d, prement en la casella corresponent.<\/p>\n<p>L&#8217;Usuari- Donant haur\u00e0 de llegir \u00edntegrament aquest document de Condicions de contractaci\u00f3 cada vegada que desitgi realitzar una<br \/>\ndonaci\u00f3 o aportacions a \u201cADIMIR\u201d a trav\u00e9s del seu web.<\/p>\n<p>Les Condicions s&#8217;aplicaran a totes les donacions que es desitgin realitzar en la Web, regint les que estiguin vigents en el moment de realitzar cada donaci\u00f3.<\/p>\n<p><strong>3.- PROCEDIMENT DE CONTRACTACI\u00d3<\/strong><\/p>\n<p>El procediment de contractaci\u00f3 \u00fanicament podr\u00e0 ser realitzat en l&#8217;idioma castell\u00e0.<br \/>\nS&#8217;informa que, d&#8217;acord amb el que es preveu en l&#8217;article 27 de la Llei 34\/2002 de la Llei de la Societat de Serveis de la Informaci\u00f3 i de Comer\u00e7 Electr\u00f2nic, el procediment de contractaci\u00f3 seguir\u00e0 els seg\u00fcents passos:<\/p>\n<p><strong>A.- Identificaci\u00f3<\/strong><\/p>\n<p>L&#8217;Usuari Donant, abans de realitzar la seva aportaci\u00f3, haur\u00e0 d&#8217;identificar-se emplenant totes les dades i informaci\u00f3 obligat\u00f2ria establerta en el formulari electr\u00f2nic, situat en l&#8217;apartat del web denominat \u201cCOL\u00b7LABORA-DONATIUS\u201d, i es compromet, si \u00e9s el cas, a aportar tots aquells documents que, a aquest efecte identificatiu, se sol\u00b7licitin per part de ADMIR.<\/p>\n<p><strong>B.- Realitzaci\u00f3 de l&#8217;aportaci\u00f3<\/strong><\/p>\n<p>Per a procedir a la realitzaci\u00f3 de les aportacions \u201cen l\u00ednia\u201d l&#8217;Usuari Donant, haur\u00e0 de seguir totes i cadascuna de les instruccions que es mostrin en l&#8217;apartat \u201cCOL\u00b7LABORA-DONATIUS\u201d del lloc web: <a href=\"https:\/\/adimir.org\/ca\/\">http\/\/www.adimir.org.<\/a>, on trobar\u00e0 diferents pantalles que li guiaran en el proc\u00e9s per a realitzar la donaci\u00f3, i en cadascuna d&#8217;elles, se l&#8217;informar\u00e0 de tots els detalls d&#8217;aquesta.<\/p>\n<p>L&#8217;Usuari Donant triar\u00e0 la modalitat de col\u00b7laboraci\u00f3 econ\u00f2mica i consignar\u00e0 l&#8217;import de la seva aportaci\u00f3 a ADIMIR, qui gestionar\u00e0 l&#8217;aplicaci\u00f3 dels fons.<\/p>\n<ul>\n<li>A trav\u00e9s de <strong>transfer\u00e8ncia banc\u00e0ria<\/strong> al seg\u00fcent compte:<\/li>\n<\/ul>\n<p>IBAN: ES43 2100 0293 2901 0178 9597<br \/>\nBIC: CAIXES BBXXX<br \/>\nTitular compte: ADIMIR<br \/>\nC\/ CRISANTEMS, S\/N \u2013 08110 MONTCADA I REIXAC (BARCELONA).<\/p>\n<ul>\n<li>A trav\u00e9s <strong>Bizum<\/strong> que permetr\u00e0 realitzar l&#8217;aportaci\u00f3 des del m\u00f2bil en temps real. Per a aix\u00f2 una vegada t&#8217;hagis registrat el teu compte en Bizum, accedeix a la funci\u00f3 de donacions. Aquesta funci\u00f3 sol trobar-se en la secci\u00f3 de \u201cDonacions\u201d o \u201cCol\u00b7laboracions\u201d dins de l&#8217;aplicaci\u00f3, i introdueix el CODI: 04027 (donatiu ONG).<\/li>\n<\/ul>\n<p>Per a aix\u00f2 haur\u00e0 d&#8217;emplenar les dades de car\u00e0cter obligatori sol\u00b7licitats en el formulari electr\u00f2nic habilitat a aquest efecte. I una vegada realitzada, l&#8217;usuari donant haur\u00e0 de remetre el justificant de transfer\u00e8ncia\/ingresso, indicant el seu nom, cognoms, DNI, adre\u00e7a, tel\u00e8fon i correu electr\u00f2nic de contacte, i en menys de 48 hores h\u00e0bils, ADIMIR li enviar\u00e0 un correu electr\u00f2nic confirmant l&#8217;aportaci\u00f3 realitzada.<\/p>\n<p>En el cas de les donacions peri\u00f2diques, els Usuaris Donants seran reconeguts com a Associats Protectors, d&#8217;acord amb el que s&#8217;estableix en el literal d, de l&#8217;article 10 dels Estatuts de la Fundaci\u00f3 ADIMIR.<\/p>\n<p>En el cas que l&#8217;Usuari Donant opti per la domiciliaci\u00f3 banc\u00e0ria haur\u00e0 de facilitar el seu n\u00famero de compte banc\u00e0ria, i, en acceptar el present document, autoritza a ADIMIR a sol\u00b7licitar a l&#8217;entitat financera el deute en el compte bancari informat, i per l&#8217;import i periodicitat consignats\/o triats per l&#8217;Usuari Donant. Una vegada rebuts les dades per la nostra p\u00e0gina web, es enviar\u00e0 la confirmaci\u00f3 de l&#8217;operaci\u00f3 via correu electr\u00f2nic, remetent el formulari de deutes S\u00c0PIGA normalitzat perqu\u00e8 puguem girar al seu compte els imports indicats d&#8217;acord amb el que estableix la Llei de Serveis de Pagament 16\/2009.<\/p>\n<p><strong>C.- Seguretat en el pagament<\/strong><\/p>\n<p>C.1.- El lloc web t\u00e9 instal\u00b7lada la passarel\u00b7la de pagament electr\u00f2nic segur de CAIXABANK<\/p>\n<p>C.2.-Totes les dades proporcionades per l&#8217;Usuari Donant s\u00f3n encriptats per a garantir la m\u00e0xima seguretat d&#8217;aquests, i s&#8217;allotgen en un servidor segur.<\/p>\n<p>C.3.-En cap cas s&#8217;emmagatzemaran les dades de la targeta de cr\u00e8dit i\/o d\u00e8bit proporcionats per l&#8217;usuari donant a trav\u00e9s de la passarel\u00b7la de pagament.<\/p>\n<p>C.4.-Les aportacions rebudes en concepte de donacions i realitzades a trav\u00e9s de targeta de cr\u00e8dit i\/o d\u00e8bit no admetran devolucions dels imports carregats en el respectiu compte de l&#8217;usuari donant, una vegada s&#8217;hagi confirmat la transacci\u00f3 per<br \/>\npart de l&#8217;entitat financera.<\/p>\n<p>C.5.- En el moment de finalitzar la transacci\u00f3, se li mostrar\u00e0 a l&#8217;usuari donant una p\u00e0gina resumeixen de mostra del detall de l&#8217;operaci\u00f3.<\/p>\n<p>C.6.- En tot cas, la plataforma de contractaci\u00f3 que empra ADIMIR permetr\u00e0 a l&#8217;usuari donant descarregar-se, una vegada finalitzat el procediment de contractaci\u00f3, aquest document contractual aix\u00ed com imprimir la confirmaci\u00f3 de la transacci\u00f3 realitzada.<\/p>\n<p><strong>4.- DEST\u00cd DE L&#8217;APORTACI\u00d3<\/strong><\/p>\n<p>En tractar-se d&#8217;una donaci\u00f3, pura, simple i incondicionada, ADIMIR destinar\u00e0 l&#8217;aportaci\u00f3 de manera preferent a la seva missi\u00f3 de cobrir les necessitats especials de totes les persones amb difer\u00e8ncies ps\u00edquiques, f\u00edsiques i\/o sensorials, i facilitar-los la seva inclusi\u00f3 i integraci\u00f3 social. No obstant aix\u00f2, ADIMIR es reserva el dret A utilitzar-lo en una altra l\u00ednia d&#8217;actuaci\u00f3 o programa, sempre dins dels objectius fundacionals de ADIMIR.<\/p>\n<p><strong>5.-BAIXA DE LES DONACIONS PERI\u00d2DIQUES<\/strong><\/p>\n<p>Si l&#8217;Usuari-Donant hagu\u00e9s establert una donaci\u00f3 peri\u00f2dica i desitg\u00e9s cancel\u00b7lar-la, enviar\u00e0 un correu electr\u00f2nic a adimir@adimir.org, manifestant la seva voluntat de donar-se de baixa com a donant peri\u00f2dic, i indicar\u00e0 el seu nom, cognoms, DNI, adre\u00e7a, tel\u00e8fon i correu electr\u00f2nic de contacte. ADIMIR procedir\u00e0 a donar-ho de baixa amb efectes des de la recepci\u00f3 del correu electr\u00f2nic.<\/p>\n<p>Si ADIMIR, a la recepci\u00f3 de la comunicaci\u00f3, encara no hagu\u00e9s donat ordre a l&#8217;entitat banc\u00e0ria de passar el rebut al cobrament, aquest ja no es carregar\u00e0 en el compte de l&#8217;Usuari Donant. Si l&#8217;ordre estigu\u00e9s ja donada, o el rebut del per\u00edode en curs carregat en el compte de l&#8217;Usuari Donant, ADIMIR donar\u00e0 instruccions a l&#8217;entitat banc\u00e0ria perqu\u00e8 deixi de cobrar m\u00e9s rebuts.<\/p>\n<p><strong>6.-CERTIFICAT DE LA DONACI\u00d3<\/strong><\/p>\n<p>Els donatius, donacions i aportacions realitzats per persones o societats a favor de ADIMIR com a entitat benefici\u00e0ria del mecenatge, donen dret a una deducci\u00f3 en la quota \u00edntegra de la declaraci\u00f3 de l&#8217;impost sobre la renda de les persones f\u00edsiques, o en l&#8217;Impost de societats.<\/p>\n<p>ADIMIR, una vegada efectuada la donaci\u00f3 i en el termini m\u00e9s breu possible, remetr\u00e0, al compte de correu electr\u00f2nic que s&#8217;hagi introdu\u00eft en el formulari, el Certificat de Donacions, document que valida aquesta donaci\u00f3 Si en el termini d&#8217;una setmana, l&#8217;Usuari Donant, no ha rebut el Certificat de Donacions, es pot posar en contacte a trav\u00e9s del correu electr\u00f2nic a <a href=\"mailto:adimir@adimir.org\">adimir@adimir.org<\/a>.<\/p>\n<p><strong>7.- PRIVACITAT I PROTECCI\u00d3 DE DADES PERSONALS<\/strong><\/p>\n<p>ADIMIR \u00e9s el Responsable del tractament de les dades personals de la persona interessada i l&#8217;informa que aquestes dades seran tractades de conformitat amb el que es disposa en les normatives vigents en protecci\u00f3 de dades personals, el Reglament (UE) 2016\/679 de 27 d&#8217;abril de 2016 (GDPR) i la Llei org\u00e0nica 3\/2018, de 5 de desembre (LOPDGDD), amb la finalitat de gestionar els donatius i aportacions rebudes.<\/p>\n<p>Les dades es conservaran mentre existeixi un inter\u00e8s mutu per a mantenir la fi del tractament, i per a complir amb els terminis imposats per a complir una obligaci\u00f3 legal, legislaci\u00f3 tribut\u00e0ria, o qualsevol altra normativa que afecti les donacions rebudes.<\/p>\n<p>Posteriorment, es conservaran bloquejats per a complir amb els terminis legalment establerts, adoptant les mesures t\u00e8cniques i organitzatives per a impedir el seu tractament incloent la seva visualitzaci\u00f3, i estant \u00fanicament a la disposici\u00f3 de jutges, tribunals, ministeri fiscal o administracions p\u00fabliques, amb la finalitat de fer front a responsabilitats legals. Transcorregut el per\u00edode legal requerit, es procedir\u00e0 a la destrucci\u00f3 definitiva d&#8217;aquestes dades.<\/p>\n<p>Les seves dades seran tractades sobre la base de l&#8217;execuci\u00f3 del contracte de donaci\u00f3. Informem que nom\u00e9s comunicarem les seves dades personals a tercers quan aix\u00ed ho requereixi la llei o les autoritats competents, com les autoritats fiscals, les de prevenci\u00f3 de blanqueig de capitals (SEPBLAC) o les autoritats judicials, i en aquest cas aquesta comunicaci\u00f3 estar\u00e0 justificada per una obligaci\u00f3 legal. Finalment, podr\u00edem, en cas de resultar necessari, comunicar les seves dades personals prestadors vinculats al Responsable que actuen com a encarregats del tractament.<\/p>\n<p>Pot exercir els drets d&#8217;acc\u00e9s, rectificaci\u00f3, portabilitat i supressi\u00f3 de les seves dades i de la limitaci\u00f3 o oposici\u00f3 al seu tractament dirigint-se a c\/Crisantems, S\/N \u2013 08110 Montcada i Reixac (Barcelona) o remetent un missatge de correu electr\u00f2nic a carolinaib@adimir.org Tamb\u00e9 t\u00e9 dret a presentar una reclamaci\u00f3 davant l&#8217;Autoritat de control (www.aepd.es) si considera que el tractament no s&#8217;ajusta a la normativa vigent o contactar amb el nostre DPO en <a href=\"mailto:adimir@adimir.org\">adimir@adimir.org.<\/a><\/p>\n<p>En el sup\u00f2sit de cometre un error per part del donant en la introducci\u00f3 de les dades, aquest ha de comunicar-lo a \u201cADIMIR\u201d a trav\u00e9s de tel\u00e8fon, e-mail que apareixen com a contacte en la web.<\/p>\n<p>ADIMIR, ha adoptat totes les mesures t\u00e8cniques i d&#8217;organitzaci\u00f3 necess\u00e0ria per a garantir la seguretat i integritat de les dades de car\u00e0cter personal que tracti, aix\u00ed com per a evitar la seva p\u00e8rdua, alteraci\u00f3 i\/o acc\u00e9s per part de tercers no autoritzats.<\/p>\n<p><strong>8. REGULACI\u00d3 LEGAL<\/strong><\/p>\n<p>En tractar-se d&#8217;una donaci\u00f3 incondicional destinada als fins d&#8217;inter\u00e8s general d&#8217;una fundaci\u00f3 , la realitzaci\u00f3 de la mateixa no comporta el lliurament de cap producte o servei, ni cap el dret de desistiment , segons estableix la Llei 7\/1996 d&#8217;Ordenaci\u00f3 del Comer\u00e7 Minorista, i la Llei 3\/2014, de 27 de mar\u00e7 per la qual es modifica el text ref\u00f3s de la Llei General per a la Defensa dels Consumidors, Reial decret legislatiu 1\/2007 de 16 de novembre, i altres lleis complement\u00e0ries.<\/p>\n<p><strong>9.- LLEI I JURISDICCI\u00d3<\/strong><\/p>\n<p>En all\u00f2 que no estigui expressament establert, aquestes condicions es regiran i interpretaran conforme a la legislaci\u00f3 espanyola.<\/p>\n<p>ADIMIR i l&#8217;usuari donant acorden sotmetre qualsevol controv\u00e8rsia que pogu\u00e9s suscitar-se sobre el negoci jur\u00eddic establert objecte d&#8217;aquestes condicions als jutjats i tribunals de Montcada i Reixach, (Barcelona, Espanya).<\/p>\n<\/div><\/div><\/div><\/div><\/div>\n","protected":false},"excerpt":{"rendered":"","protected":false},"author":1,"featured_media":0,"parent":0,"menu_order":0,"comment_status":"closed","ping_status":"closed","template":"100-width.php","meta":{"footnotes":""},"class_list":["post-6385","page","type-page","status-publish","hentry"],"yoast_head":"<!-- This site is optimized with the Yoast SEO plugin v27.3 - https:\/\/yoast.com\/product\/yoast-seo-wordpress\/ -->\n<title>Termes i condicions de les donacions a Fundaci\u00f3 Adimir<\/title>\n<meta name=\"description\" content=\"Informaci\u00f3 de termes i condicions a favor de la Fundaci\u00f3 Adimir.\" \/>\n<meta name=\"robots\" content=\"index, follow, max-snippet:-1, max-image-preview:large, max-video-preview:-1\" \/>\n<link rel=\"canonical\" href=\"https:\/\/adimir.org\/ca\/termes-i-condicions-de-les-donacions\/\" \/>\n<meta property=\"og:locale\" content=\"ca_ES\" \/>\n<meta property=\"og:type\" content=\"article\" \/>\n<meta property=\"og:title\" content=\"Termes i condicions de les donacions a Fundaci\u00f3 Adimir\" \/>\n<meta property=\"og:description\" content=\"Informaci\u00f3 de termes i condicions a favor de la Fundaci\u00f3 Adimir.\" \/>\n<meta property=\"og:url\" content=\"https:\/\/adimir.org\/ca\/termes-i-condicions-de-les-donacions\/\" \/>\n<meta property=\"og:site_name\" content=\"Adimir Atenci\u00f3n integral a personas con diversidad funcional\" \/>\n<meta property=\"article:modified_time\" content=\"2025-10-14T10:48:48+00:00\" \/>\n<meta name=\"twitter:card\" content=\"summary_large_image\" \/>\n<meta name=\"twitter:label1\" content=\"Temps estimat de lectura\" \/>\n\t<meta name=\"twitter:data1\" content=\"9 minuts\" \/>\n<script type=\"application\/ld+json\" class=\"yoast-schema-graph\">{\"@context\":\"https:\\\/\\\/schema.org\",\"@graph\":[{\"@type\":\"WebPage\",\"@id\":\"https:\\\/\\\/adimir.org\\\/ca\\\/termes-i-condicions-de-les-donacions\\\/\",\"url\":\"https:\\\/\\\/adimir.org\\\/ca\\\/termes-i-condicions-de-les-donacions\\\/\",\"name\":\"Termes i condicions de les donacions a Fundaci\u00f3 Adimir\",\"isPartOf\":{\"@id\":\"https:\\\/\\\/adimir.org\\\/ca\\\/#website\"},\"datePublished\":\"2025-01-28T10:51:03+00:00\",\"dateModified\":\"2025-10-14T10:48:48+00:00\",\"description\":\"Informaci\u00f3 de termes i condicions a favor de la Fundaci\u00f3 Adimir.\",\"breadcrumb\":{\"@id\":\"https:\\\/\\\/adimir.org\\\/ca\\\/termes-i-condicions-de-les-donacions\\\/#breadcrumb\"},\"inLanguage\":\"ca\",\"potentialAction\":[{\"@type\":\"ReadAction\",\"target\":[\"https:\\\/\\\/adimir.org\\\/ca\\\/termes-i-condicions-de-les-donacions\\\/\"]}]},{\"@type\":\"BreadcrumbList\",\"@id\":\"https:\\\/\\\/adimir.org\\\/ca\\\/termes-i-condicions-de-les-donacions\\\/#breadcrumb\",\"itemListElement\":[{\"@type\":\"ListItem\",\"position\":1,\"name\":\"Inicio\",\"item\":\"https:\\\/\\\/adimir.org\\\/ca\\\/\"},{\"@type\":\"ListItem\",\"position\":2,\"name\":\"Termes i condicions de les donacions\"}]},{\"@type\":\"WebSite\",\"@id\":\"https:\\\/\\\/adimir.org\\\/ca\\\/#website\",\"url\":\"https:\\\/\\\/adimir.org\\\/ca\\\/\",\"name\":\"Adimir Atenci\u00f3n integral a personas con diversidad funcional\",\"description\":\"\",\"publisher\":{\"@id\":\"https:\\\/\\\/adimir.org\\\/ca\\\/#organization\"},\"potentialAction\":[{\"@type\":\"SearchAction\",\"target\":{\"@type\":\"EntryPoint\",\"urlTemplate\":\"https:\\\/\\\/adimir.org\\\/ca\\\/?s={search_term_string}\"},\"query-input\":{\"@type\":\"PropertyValueSpecification\",\"valueRequired\":true,\"valueName\":\"search_term_string\"}}],\"inLanguage\":\"ca\"},{\"@type\":\"Organization\",\"@id\":\"https:\\\/\\\/adimir.org\\\/ca\\\/#organization\",\"name\":\"Adimir Atenci\u00f3n integral a personas con diversidad funcional\",\"url\":\"https:\\\/\\\/adimir.org\\\/ca\\\/\",\"logo\":{\"@type\":\"ImageObject\",\"inLanguage\":\"ca\",\"@id\":\"https:\\\/\\\/adimir.org\\\/ca\\\/#\\\/schema\\\/logo\\\/image\\\/\",\"url\":\"https:\\\/\\\/adimir.pruebasweb.com.es\\\/wp-content\\\/uploads\\\/2024\\\/08\\\/Adimir-500.png\",\"contentUrl\":\"https:\\\/\\\/adimir.pruebasweb.com.es\\\/wp-content\\\/uploads\\\/2024\\\/08\\\/Adimir-500.png\",\"width\":500,\"height\":273,\"caption\":\"Adimir Atenci\u00f3n integral a personas con diversidad funcional\"},\"image\":{\"@id\":\"https:\\\/\\\/adimir.org\\\/ca\\\/#\\\/schema\\\/logo\\\/image\\\/\"}}]}<\/script>\n<!-- \/ Yoast SEO plugin. -->","yoast_head_json":{"title":"Termes i condicions de les donacions a Fundaci\u00f3 Adimir","description":"Informaci\u00f3 de termes i condicions a favor de la Fundaci\u00f3 Adimir.","robots":{"index":"index","follow":"follow","max-snippet":"max-snippet:-1","max-image-preview":"max-image-preview:large","max-video-preview":"max-video-preview:-1"},"canonical":"https:\/\/adimir.org\/ca\/termes-i-condicions-de-les-donacions\/","og_locale":"ca_ES","og_type":"article","og_title":"Termes i condicions de les donacions a Fundaci\u00f3 Adimir","og_description":"Informaci\u00f3 de termes i condicions a favor de la Fundaci\u00f3 Adimir.","og_url":"https:\/\/adimir.org\/ca\/termes-i-condicions-de-les-donacions\/","og_site_name":"Adimir Atenci\u00f3n integral a personas con diversidad funcional","article_modified_time":"2025-10-14T10:48:48+00:00","twitter_card":"summary_large_image","twitter_misc":{"Temps estimat de lectura":"9 minuts"},"schema":{"@context":"https:\/\/schema.org","@graph":[{"@type":"WebPage","@id":"https:\/\/adimir.org\/ca\/termes-i-condicions-de-les-donacions\/","url":"https:\/\/adimir.org\/ca\/termes-i-condicions-de-les-donacions\/","name":"Termes i condicions de les donacions a Fundaci\u00f3 Adimir","isPartOf":{"@id":"https:\/\/adimir.org\/ca\/#website"},"datePublished":"2025-01-28T10:51:03+00:00","dateModified":"2025-10-14T10:48:48+00:00","description":"Informaci\u00f3 de termes i condicions a favor de la Fundaci\u00f3 Adimir.","breadcrumb":{"@id":"https:\/\/adimir.org\/ca\/termes-i-condicions-de-les-donacions\/#breadcrumb"},"inLanguage":"ca","potentialAction":[{"@type":"ReadAction","target":["https:\/\/adimir.org\/ca\/termes-i-condicions-de-les-donacions\/"]}]},{"@type":"BreadcrumbList","@id":"https:\/\/adimir.org\/ca\/termes-i-condicions-de-les-donacions\/#breadcrumb","itemListElement":[{"@type":"ListItem","position":1,"name":"Inicio","item":"https:\/\/adimir.org\/ca\/"},{"@type":"ListItem","position":2,"name":"Termes i condicions de les donacions"}]},{"@type":"WebSite","@id":"https:\/\/adimir.org\/ca\/#website","url":"https:\/\/adimir.org\/ca\/","name":"Adimir Atenci\u00f3n integral a personas con diversidad funcional","description":"","publisher":{"@id":"https:\/\/adimir.org\/ca\/#organization"},"potentialAction":[{"@type":"SearchAction","target":{"@type":"EntryPoint","urlTemplate":"https:\/\/adimir.org\/ca\/?s={search_term_string}"},"query-input":{"@type":"PropertyValueSpecification","valueRequired":true,"valueName":"search_term_string"}}],"inLanguage":"ca"},{"@type":"Organization","@id":"https:\/\/adimir.org\/ca\/#organization","name":"Adimir Atenci\u00f3n integral a personas con diversidad funcional","url":"https:\/\/adimir.org\/ca\/","logo":{"@type":"ImageObject","inLanguage":"ca","@id":"https:\/\/adimir.org\/ca\/#\/schema\/logo\/image\/","url":"https:\/\/adimir.pruebasweb.com.es\/wp-content\/uploads\/2024\/08\/Adimir-500.png","contentUrl":"https:\/\/adimir.pruebasweb.com.es\/wp-content\/uploads\/2024\/08\/Adimir-500.png","width":500,"height":273,"caption":"Adimir Atenci\u00f3n integral a personas con diversidad funcional"},"image":{"@id":"https:\/\/adimir.org\/ca\/#\/schema\/logo\/image\/"}}]}},"_links":{"self":[{"href":"https:\/\/adimir.org\/ca\/wp-json\/wp\/v2\/pages\/6385","targetHints":{"allow":["GET"]}}],"collection":[{"href":"https:\/\/adimir.org\/ca\/wp-json\/wp\/v2\/pages"}],"about":[{"href":"https:\/\/adimir.org\/ca\/wp-json\/wp\/v2\/types\/page"}],"author":[{"embeddable":true,"href":"https:\/\/adimir.org\/ca\/wp-json\/wp\/v2\/users\/1"}],"replies":[{"embeddable":true,"href":"https:\/\/adimir.org\/ca\/wp-json\/wp\/v2\/comments?post=6385"}],"version-history":[{"count":1,"href":"https:\/\/adimir.org\/ca\/wp-json\/wp\/v2\/pages\/6385\/revisions"}],"predecessor-version":[{"id":17785,"href":"https:\/\/adimir.org\/ca\/wp-json\/wp\/v2\/pages\/6385\/revisions\/17785"}],"wp:attachment":[{"href":"https:\/\/adimir.org\/ca\/wp-json\/wp\/v2\/media?parent=6385"}],"curies":[{"name":"wp","href":"https:\/\/api.w.org\/{rel}","templated":true}]}}