{"id":40185,"date":"2026-04-14T11:49:59","date_gmt":"2026-04-14T09:49:59","guid":{"rendered":"https:\/\/adimir.org\/?post_type=product&#038;p=40185"},"modified":"2026-04-15T16:23:46","modified_gmt":"2026-04-15T14:23:46","slug":"fidget-reixeta","status":"publish","type":"product","link":"https:\/\/adimir.org\/ca\/producto\/fidget-reixeta\/","title":{"rendered":"Fidget Reixeta"},"content":{"rendered":"<h2>Superf\u00edcie amb textura<\/h2>\n<p>Superf\u00edcie amb textura per pressionar i relaxar. <\/p>\n<p><strong>Projecte solidari<\/strong><\/p>\n<p>Aquest producte forma part d&#8217;un projecte solidari: la recaptaci\u00f3 es destina a becar a fam\u00edlies en situaci\u00f3 de vulnerabilitat i exclusi\u00f3 social, permetent que els seus fills i filles accedeixin als serveis terap\u00e8utics de la fundaci\u00f3 ADIMIR. Cada compra contribueix a transformar barreres socials i econ\u00f2miques en oportunitats de desenvolupament i acompanyament.<\/p>\n<p><strong>Gr\u00e0cies per col\u00b7laborar!<\/strong><\/p>\n","protected":false},"excerpt":{"rendered":"<p>Superf\u00edcie amb textura Superf\u00edcie amb textura per pressionar i relaxar.  [&#8230;]<\/p>\n","protected":false},"featured_media":40190,"template":"","meta":[],"product_brand":[],"product_cat":[107],"product_tag":[],"class_list":{"0":"post-40185","1":"product","2":"type-product","3":"status-publish","4":"has-post-thumbnail","6":"product_cat-donatius","8":"first","9":"instock","10":"shipping-taxable","11":"purchasable","12":"product-type-variable"},"yoast_head":"<!-- This site is optimized with the Yoast SEO plugin v27.4 - https:\/\/yoast.com\/product\/yoast-seo-wordpress\/ -->\n<title>Fidget Reixeta | Joguina antiestr\u00e8s sensorial | Adimir<\/title>\n<meta name=\"description\" content=\"Fidget Reixeta: joguina sensorial amb estructura en reixeta que ajuda a reduir l&#039;estr\u00e8s, millorar la concentraci\u00f3 i canalitzar la inquietud.\" \/>\n<meta name=\"robots\" content=\"index, follow, max-snippet:-1, max-image-preview:large, max-video-preview:-1\" \/>\n<link rel=\"canonical\" href=\"https:\/\/adimir.org\/ca\/producto\/fidget-reixeta\/\" \/>\n<meta property=\"og:locale\" content=\"ca_ES\" \/>\n<meta property=\"og:type\" content=\"article\" \/>\n<meta property=\"og:title\" content=\"Fidget Reixeta | Joguina antiestr\u00e8s sensorial | Adimir\" \/>\n<meta property=\"og:description\" content=\"Fidget Reixeta: joguina sensorial amb estructura en reixeta que ajuda a reduir l&#039;estr\u00e8s, millorar la concentraci\u00f3 i canalitzar la inquietud.\" \/>\n<meta property=\"og:url\" content=\"https:\/\/adimir.org\/ca\/producto\/fidget-reixeta\/\" \/>\n<meta property=\"og:site_name\" content=\"Adimir Atenci\u00f3n integral a personas con diversidad funcional\" \/>\n<meta property=\"article:modified_time\" content=\"2026-04-15T14:23:46+00:00\" \/>\n<meta property=\"og:image\" content=\"https:\/\/adimir.org\/wp-content\/uploads\/fidget-rejilla.webp\" \/>\n\t<meta property=\"og:image:width\" content=\"1000\" \/>\n\t<meta property=\"og:image:height\" content=\"1000\" \/>\n\t<meta property=\"og:image:type\" content=\"image\/webp\" \/>\n<meta name=\"twitter:card\" content=\"summary_large_image\" \/>\n<meta name=\"twitter:label1\" content=\"Temps estimat de lectura\" \/>\n\t<meta name=\"twitter:data1\" content=\"1 minut\" \/>\n<script type=\"application\/ld+json\" class=\"yoast-schema-graph\">{\"@context\":\"https:\\\/\\\/schema.org\",\"@graph\":[{\"@type\":\"WebPage\",\"@id\":\"https:\\\/\\\/adimir.org\\\/ca\\\/producto\\\/fidget-reixeta\\\/\",\"url\":\"https:\\\/\\\/adimir.org\\\/ca\\\/producto\\\/fidget-reixeta\\\/\",\"name\":\"Fidget Reixeta | Joguina antiestr\u00e8s sensorial | Adimir\",\"isPartOf\":{\"@id\":\"https:\\\/\\\/adimir.org\\\/ca\\\/#website\"},\"primaryImageOfPage\":{\"@id\":\"https:\\\/\\\/adimir.org\\\/ca\\\/producto\\\/fidget-reixeta\\\/#primaryimage\"},\"image\":{\"@id\":\"https:\\\/\\\/adimir.org\\\/ca\\\/producto\\\/fidget-reixeta\\\/#primaryimage\"},\"thumbnailUrl\":\"https:\\\/\\\/adimir.org\\\/wp-content\\\/uploads\\\/fidget-rejilla.webp\",\"datePublished\":\"2026-04-14T09:49:59+00:00\",\"dateModified\":\"2026-04-15T14:23:46+00:00\",\"description\":\"Fidget Reixeta: joguina sensorial amb estructura en reixeta que ajuda a reduir l'estr\u00e8s, millorar la concentraci\u00f3 i canalitzar la inquietud.\",\"breadcrumb\":{\"@id\":\"https:\\\/\\\/adimir.org\\\/ca\\\/producto\\\/fidget-reixeta\\\/#breadcrumb\"},\"inLanguage\":\"ca\",\"potentialAction\":[{\"@type\":\"ReadAction\",\"target\":[\"https:\\\/\\\/adimir.org\\\/ca\\\/producto\\\/fidget-reixeta\\\/\"]}]},{\"@type\":\"ImageObject\",\"inLanguage\":\"ca\",\"@id\":\"https:\\\/\\\/adimir.org\\\/ca\\\/producto\\\/fidget-reixeta\\\/#primaryimage\",\"url\":\"https:\\\/\\\/adimir.org\\\/wp-content\\\/uploads\\\/fidget-rejilla.webp\",\"contentUrl\":\"https:\\\/\\\/adimir.org\\\/wp-content\\\/uploads\\\/fidget-rejilla.webp\",\"width\":1000,\"height\":1000,\"caption\":\"Superficie con textura para presionar y relajarse.\"},{\"@type\":\"BreadcrumbList\",\"@id\":\"https:\\\/\\\/adimir.org\\\/ca\\\/producto\\\/fidget-reixeta\\\/#breadcrumb\",\"itemListElement\":[{\"@type\":\"ListItem\",\"position\":1,\"name\":\"Inicio\",\"item\":\"https:\\\/\\\/adimir.org\\\/ca\\\/\"},{\"@type\":\"ListItem\",\"position\":2,\"name\":\"Tienda\",\"item\":\"https:\\\/\\\/adimir.org\\\/tienda\\\/\"},{\"@type\":\"ListItem\",\"position\":3,\"name\":\"Fidget Reixeta\"}]},{\"@type\":\"WebSite\",\"@id\":\"https:\\\/\\\/adimir.org\\\/ca\\\/#website\",\"url\":\"https:\\\/\\\/adimir.org\\\/ca\\\/\",\"name\":\"Adimir Atenci\u00f3n integral a personas con diversidad funcional\",\"description\":\"\",\"publisher\":{\"@id\":\"https:\\\/\\\/adimir.org\\\/ca\\\/#organization\"},\"potentialAction\":[{\"@type\":\"SearchAction\",\"target\":{\"@type\":\"EntryPoint\",\"urlTemplate\":\"https:\\\/\\\/adimir.org\\\/ca\\\/?s={search_term_string}\"},\"query-input\":{\"@type\":\"PropertyValueSpecification\",\"valueRequired\":true,\"valueName\":\"search_term_string\"}}],\"inLanguage\":\"ca\"},{\"@type\":\"Organization\",\"@id\":\"https:\\\/\\\/adimir.org\\\/ca\\\/#organization\",\"name\":\"Adimir Atenci\u00f3n integral a personas con diversidad funcional\",\"url\":\"https:\\\/\\\/adimir.org\\\/ca\\\/\",\"logo\":{\"@type\":\"ImageObject\",\"inLanguage\":\"ca\",\"@id\":\"https:\\\/\\\/adimir.org\\\/ca\\\/#\\\/schema\\\/logo\\\/image\\\/\",\"url\":\"https:\\\/\\\/adimir.pruebasweb.com.es\\\/wp-content\\\/uploads\\\/2024\\\/08\\\/Adimir-500.png\",\"contentUrl\":\"https:\\\/\\\/adimir.pruebasweb.com.es\\\/wp-content\\\/uploads\\\/2024\\\/08\\\/Adimir-500.png\",\"width\":500,\"height\":273,\"caption\":\"Adimir Atenci\u00f3n integral a personas con diversidad funcional\"},\"image\":{\"@id\":\"https:\\\/\\\/adimir.org\\\/ca\\\/#\\\/schema\\\/logo\\\/image\\\/\"}}]}<\/script>\n<!-- \/ Yoast SEO plugin. -->","yoast_head_json":{"title":"Fidget Reixeta | Joguina antiestr\u00e8s sensorial | Adimir","description":"Fidget Reixeta: joguina sensorial amb estructura en reixeta que ajuda a reduir l'estr\u00e8s, millorar la concentraci\u00f3 i canalitzar la inquietud.","robots":{"index":"index","follow":"follow","max-snippet":"max-snippet:-1","max-image-preview":"max-image-preview:large","max-video-preview":"max-video-preview:-1"},"canonical":"https:\/\/adimir.org\/ca\/producto\/fidget-reixeta\/","og_locale":"ca_ES","og_type":"article","og_title":"Fidget Reixeta | Joguina antiestr\u00e8s sensorial | Adimir","og_description":"Fidget Reixeta: joguina sensorial amb estructura en reixeta que ajuda a reduir l'estr\u00e8s, millorar la concentraci\u00f3 i canalitzar la inquietud.","og_url":"https:\/\/adimir.org\/ca\/producto\/fidget-reixeta\/","og_site_name":"Adimir Atenci\u00f3n integral a personas con diversidad funcional","article_modified_time":"2026-04-15T14:23:46+00:00","og_image":[{"width":1000,"height":1000,"url":"https:\/\/adimir.org\/wp-content\/uploads\/fidget-rejilla.webp","type":"image\/webp"}],"twitter_card":"summary_large_image","twitter_misc":{"Temps estimat de lectura":"1 minut"},"schema":{"@context":"https:\/\/schema.org","@graph":[{"@type":"WebPage","@id":"https:\/\/adimir.org\/ca\/producto\/fidget-reixeta\/","url":"https:\/\/adimir.org\/ca\/producto\/fidget-reixeta\/","name":"Fidget Reixeta | Joguina antiestr\u00e8s sensorial | Adimir","isPartOf":{"@id":"https:\/\/adimir.org\/ca\/#website"},"primaryImageOfPage":{"@id":"https:\/\/adimir.org\/ca\/producto\/fidget-reixeta\/#primaryimage"},"image":{"@id":"https:\/\/adimir.org\/ca\/producto\/fidget-reixeta\/#primaryimage"},"thumbnailUrl":"https:\/\/adimir.org\/wp-content\/uploads\/fidget-rejilla.webp","datePublished":"2026-04-14T09:49:59+00:00","dateModified":"2026-04-15T14:23:46+00:00","description":"Fidget Reixeta: joguina sensorial amb estructura en reixeta que ajuda a reduir l'estr\u00e8s, millorar la concentraci\u00f3 i canalitzar la inquietud.","breadcrumb":{"@id":"https:\/\/adimir.org\/ca\/producto\/fidget-reixeta\/#breadcrumb"},"inLanguage":"ca","potentialAction":[{"@type":"ReadAction","target":["https:\/\/adimir.org\/ca\/producto\/fidget-reixeta\/"]}]},{"@type":"ImageObject","inLanguage":"ca","@id":"https:\/\/adimir.org\/ca\/producto\/fidget-reixeta\/#primaryimage","url":"https:\/\/adimir.org\/wp-content\/uploads\/fidget-rejilla.webp","contentUrl":"https:\/\/adimir.org\/wp-content\/uploads\/fidget-rejilla.webp","width":1000,"height":1000,"caption":"Superficie con textura para presionar y relajarse."},{"@type":"BreadcrumbList","@id":"https:\/\/adimir.org\/ca\/producto\/fidget-reixeta\/#breadcrumb","itemListElement":[{"@type":"ListItem","position":1,"name":"Inicio","item":"https:\/\/adimir.org\/ca\/"},{"@type":"ListItem","position":2,"name":"Tienda","item":"https:\/\/adimir.org\/tienda\/"},{"@type":"ListItem","position":3,"name":"Fidget Reixeta"}]},{"@type":"WebSite","@id":"https:\/\/adimir.org\/ca\/#website","url":"https:\/\/adimir.org\/ca\/","name":"Adimir Atenci\u00f3n integral a personas con diversidad funcional","description":"","publisher":{"@id":"https:\/\/adimir.org\/ca\/#organization"},"potentialAction":[{"@type":"SearchAction","target":{"@type":"EntryPoint","urlTemplate":"https:\/\/adimir.org\/ca\/?s={search_term_string}"},"query-input":{"@type":"PropertyValueSpecification","valueRequired":true,"valueName":"search_term_string"}}],"inLanguage":"ca"},{"@type":"Organization","@id":"https:\/\/adimir.org\/ca\/#organization","name":"Adimir Atenci\u00f3n integral a personas con diversidad funcional","url":"https:\/\/adimir.org\/ca\/","logo":{"@type":"ImageObject","inLanguage":"ca","@id":"https:\/\/adimir.org\/ca\/#\/schema\/logo\/image\/","url":"https:\/\/adimir.pruebasweb.com.es\/wp-content\/uploads\/2024\/08\/Adimir-500.png","contentUrl":"https:\/\/adimir.pruebasweb.com.es\/wp-content\/uploads\/2024\/08\/Adimir-500.png","width":500,"height":273,"caption":"Adimir Atenci\u00f3n integral a personas con diversidad funcional"},"image":{"@id":"https:\/\/adimir.org\/ca\/#\/schema\/logo\/image\/"}}]}},"_links":{"self":[{"href":"https:\/\/adimir.org\/ca\/wp-json\/wp\/v2\/product\/40185","targetHints":{"allow":["GET"]}}],"collection":[{"href":"https:\/\/adimir.org\/ca\/wp-json\/wp\/v2\/product"}],"about":[{"href":"https:\/\/adimir.org\/ca\/wp-json\/wp\/v2\/types\/product"}],"wp:featuredmedia":[{"embeddable":true,"href":"https:\/\/adimir.org\/ca\/wp-json\/wp\/v2\/media\/40190"}],"wp:attachment":[{"href":"https:\/\/adimir.org\/ca\/wp-json\/wp\/v2\/media?parent=40185"}],"wp:term":[{"taxonomy":"product_brand","embeddable":true,"href":"https:\/\/adimir.org\/ca\/wp-json\/wp\/v2\/product_brand?post=40185"},{"taxonomy":"product_cat","embeddable":true,"href":"https:\/\/adimir.org\/ca\/wp-json\/wp\/v2\/product_cat?post=40185"},{"taxonomy":"product_tag","embeddable":true,"href":"https:\/\/adimir.org\/ca\/wp-json\/wp\/v2\/product_tag?post=40185"}],"curies":[{"name":"wp","href":"https:\/\/api.w.org\/{rel}","templated":true}]}}