{"id":7231,"date":"2025-01-28T12:18:50","date_gmt":"2025-01-28T11:18:50","guid":{"rendered":"https:\/\/adimir.org\/producto\/adhesiu-nin-amb-autisme-a-bord\/"},"modified":"2025-06-05T16:11:22","modified_gmt":"2025-06-05T14:11:22","slug":"adhesiu-nin-amb-autisme-a-bord","status":"publish","type":"product","link":"https:\/\/adimir.org\/ca\/producto\/adhesiu-nin-amb-autisme-a-bord\/","title":{"rendered":"Adhesiu Infant amb autisme a bord"},"content":{"rendered":"<h2>Campanya de sensibilitzaci\u00f3 del TEA: INFANT AMB AUTISME A BORD.<\/h2>\n<p>Amb aquesta campanya pretenem:<\/p>\n<ul>\n<li>Evidenciar la prevalen\u00e7a de l&#8217;autisme i visibilitzar que les persones autistes estan al nostre costat.<\/li>\n<li>Generar un canvi d&#8217;actitud en la ciutadania que desemboqui en comprensi\u00f3, toler\u00e0ncia i respecte cap a les persones amb autisme i les seves fam\u00edlies.<\/li>\n<\/ul>\n<p><strong>Si vols adherir-te a la campanya pots posar en el teu cotxe aquest adhesiu.<\/strong><\/p>\n<p>La part adhesiva de l&#8217;adhesiu coincideix amb la cara serigrafiada (com els adhesius de la ITV) aix\u00f2 permet pegar-les en el vidre de la part interior del cotxe.<br \/>\nPots triar l&#8217;adhesiu en *catal\u00e0 o en castell\u00e0, com prefereixis.<\/p>\n<p>Els adhesius es poden recollir en les 2 seus de la fundaci\u00f3 ADIMIR (Montcada i Ripollet).<br \/>\nTamb\u00e9 te les podem enviar a casa per correu postal. (cost addicional de 1\u20ac per enviament).<\/p>\n<p><strong>Gr\u00e0cies per col\u00b7laborar!<\/strong><\/p>\n","protected":false},"excerpt":{"rendered":"<p>Campanya de sensibilitzaci\u00f3 del TEA: INFANT AMB AUTISME A BORD.  [&#8230;]<\/p>\n","protected":false},"featured_media":5082,"template":"","meta":[],"product_brand":[],"product_cat":[107],"product_tag":[],"class_list":{"0":"post-7231","1":"product","2":"type-product","3":"status-publish","4":"has-post-thumbnail","6":"product_cat-donatius","8":"first","9":"instock","10":"shipping-taxable","11":"purchasable","12":"product-type-variable"},"yoast_head":"<!-- This site is optimized with the Yoast SEO plugin v27.3 - https:\/\/yoast.com\/product\/yoast-seo-wordpress\/ -->\n<title>Comprar l&#039;adhesiu \u201c*Ni\u00f1@ amb autisme a bord\u201d en Fundaci\u00f3 *Adimir<\/title>\n<meta name=\"description\" content=\"Esta pegatina visibiliza que las personas autistas est\u00e1n a nuestro lado y educa a las personas en caso de necesidad.\" \/>\n<meta name=\"robots\" content=\"index, follow, max-snippet:-1, max-image-preview:large, max-video-preview:-1\" \/>\n<link rel=\"canonical\" href=\"https:\/\/adimir.org\/ca\/producto\/adhesiu-nin-amb-autisme-a-bord\/\" \/>\n<meta property=\"og:locale\" content=\"ca_ES\" \/>\n<meta property=\"og:type\" content=\"article\" \/>\n<meta property=\"og:title\" content=\"Comprar l&#039;adhesiu \u201c*Ni\u00f1@ amb autisme a bord\u201d en Fundaci\u00f3 *Adimir\" \/>\n<meta property=\"og:description\" content=\"Esta pegatina visibiliza que las personas autistas est\u00e1n a nuestro lado y educa a las personas en caso de necesidad.\" \/>\n<meta property=\"og:url\" content=\"https:\/\/adimir.org\/ca\/producto\/adhesiu-nin-amb-autisme-a-bord\/\" \/>\n<meta property=\"og:site_name\" content=\"Adimir Atenci\u00f3n integral a personas con diversidad funcional\" \/>\n<meta property=\"article:modified_time\" content=\"2025-06-05T14:11:22+00:00\" \/>\n<meta property=\"og:image\" content=\"https:\/\/adimir.org\/wp-content\/uploads\/pegatina-autismo.webp\" \/>\n\t<meta property=\"og:image:width\" content=\"500\" \/>\n\t<meta property=\"og:image:height\" content=\"500\" \/>\n\t<meta property=\"og:image:type\" content=\"image\/webp\" \/>\n<meta name=\"twitter:card\" content=\"summary_large_image\" \/>\n<meta name=\"twitter:label1\" content=\"Temps estimat de lectura\" \/>\n\t<meta name=\"twitter:data1\" content=\"1 minut\" \/>\n<script type=\"application\/ld+json\" class=\"yoast-schema-graph\">{\"@context\":\"https:\\\/\\\/schema.org\",\"@graph\":[{\"@type\":\"WebPage\",\"@id\":\"https:\\\/\\\/adimir.org\\\/ca\\\/producto\\\/adhesiu-nin-amb-autisme-a-bord\\\/\",\"url\":\"https:\\\/\\\/adimir.org\\\/ca\\\/producto\\\/adhesiu-nin-amb-autisme-a-bord\\\/\",\"name\":\"Comprar l'adhesiu \u201c*Ni\u00f1@ amb autisme a bord\u201d en Fundaci\u00f3 *Adimir\",\"isPartOf\":{\"@id\":\"https:\\\/\\\/adimir.org\\\/ca\\\/#website\"},\"primaryImageOfPage\":{\"@id\":\"https:\\\/\\\/adimir.org\\\/ca\\\/producto\\\/adhesiu-nin-amb-autisme-a-bord\\\/#primaryimage\"},\"image\":{\"@id\":\"https:\\\/\\\/adimir.org\\\/ca\\\/producto\\\/adhesiu-nin-amb-autisme-a-bord\\\/#primaryimage\"},\"thumbnailUrl\":\"https:\\\/\\\/adimir.org\\\/wp-content\\\/uploads\\\/pegatina-autismo.webp\",\"datePublished\":\"2025-01-28T11:18:50+00:00\",\"dateModified\":\"2025-06-05T14:11:22+00:00\",\"description\":\"Esta pegatina visibiliza que las personas autistas est\u00e1n a nuestro lado y educa a las personas en caso de necesidad.\",\"breadcrumb\":{\"@id\":\"https:\\\/\\\/adimir.org\\\/ca\\\/producto\\\/adhesiu-nin-amb-autisme-a-bord\\\/#breadcrumb\"},\"inLanguage\":\"ca\",\"potentialAction\":[{\"@type\":\"ReadAction\",\"target\":[\"https:\\\/\\\/adimir.org\\\/ca\\\/producto\\\/adhesiu-nin-amb-autisme-a-bord\\\/\"]}]},{\"@type\":\"ImageObject\",\"inLanguage\":\"ca\",\"@id\":\"https:\\\/\\\/adimir.org\\\/ca\\\/producto\\\/adhesiu-nin-amb-autisme-a-bord\\\/#primaryimage\",\"url\":\"https:\\\/\\\/adimir.org\\\/wp-content\\\/uploads\\\/pegatina-autismo.webp\",\"contentUrl\":\"https:\\\/\\\/adimir.org\\\/wp-content\\\/uploads\\\/pegatina-autismo.webp\",\"width\":500,\"height\":500},{\"@type\":\"BreadcrumbList\",\"@id\":\"https:\\\/\\\/adimir.org\\\/ca\\\/producto\\\/adhesiu-nin-amb-autisme-a-bord\\\/#breadcrumb\",\"itemListElement\":[{\"@type\":\"ListItem\",\"position\":1,\"name\":\"Inicio\",\"item\":\"https:\\\/\\\/adimir.org\\\/ca\\\/\"},{\"@type\":\"ListItem\",\"position\":2,\"name\":\"Tienda\",\"item\":\"https:\\\/\\\/adimir.org\\\/tienda\\\/\"},{\"@type\":\"ListItem\",\"position\":3,\"name\":\"Adhesiu Infant amb autisme a bord\"}]},{\"@type\":\"WebSite\",\"@id\":\"https:\\\/\\\/adimir.org\\\/ca\\\/#website\",\"url\":\"https:\\\/\\\/adimir.org\\\/ca\\\/\",\"name\":\"Adimir Atenci\u00f3n integral a personas con diversidad funcional\",\"description\":\"\",\"publisher\":{\"@id\":\"https:\\\/\\\/adimir.org\\\/ca\\\/#organization\"},\"potentialAction\":[{\"@type\":\"SearchAction\",\"target\":{\"@type\":\"EntryPoint\",\"urlTemplate\":\"https:\\\/\\\/adimir.org\\\/ca\\\/?s={search_term_string}\"},\"query-input\":{\"@type\":\"PropertyValueSpecification\",\"valueRequired\":true,\"valueName\":\"search_term_string\"}}],\"inLanguage\":\"ca\"},{\"@type\":\"Organization\",\"@id\":\"https:\\\/\\\/adimir.org\\\/ca\\\/#organization\",\"name\":\"Adimir Atenci\u00f3n integral a personas con diversidad funcional\",\"url\":\"https:\\\/\\\/adimir.org\\\/ca\\\/\",\"logo\":{\"@type\":\"ImageObject\",\"inLanguage\":\"ca\",\"@id\":\"https:\\\/\\\/adimir.org\\\/ca\\\/#\\\/schema\\\/logo\\\/image\\\/\",\"url\":\"https:\\\/\\\/adimir.pruebasweb.com.es\\\/wp-content\\\/uploads\\\/2024\\\/08\\\/Adimir-500.png\",\"contentUrl\":\"https:\\\/\\\/adimir.pruebasweb.com.es\\\/wp-content\\\/uploads\\\/2024\\\/08\\\/Adimir-500.png\",\"width\":500,\"height\":273,\"caption\":\"Adimir Atenci\u00f3n integral a personas con diversidad funcional\"},\"image\":{\"@id\":\"https:\\\/\\\/adimir.org\\\/ca\\\/#\\\/schema\\\/logo\\\/image\\\/\"}}]}<\/script>\n<!-- \/ Yoast SEO plugin. -->","yoast_head_json":{"title":"Comprar l'adhesiu \u201c*Ni\u00f1@ amb autisme a bord\u201d en Fundaci\u00f3 *Adimir","description":"Esta pegatina visibiliza que las personas autistas est\u00e1n a nuestro lado y educa a las personas en caso de necesidad.","robots":{"index":"index","follow":"follow","max-snippet":"max-snippet:-1","max-image-preview":"max-image-preview:large","max-video-preview":"max-video-preview:-1"},"canonical":"https:\/\/adimir.org\/ca\/producto\/adhesiu-nin-amb-autisme-a-bord\/","og_locale":"ca_ES","og_type":"article","og_title":"Comprar l'adhesiu \u201c*Ni\u00f1@ amb autisme a bord\u201d en Fundaci\u00f3 *Adimir","og_description":"Esta pegatina visibiliza que las personas autistas est\u00e1n a nuestro lado y educa a las personas en caso de necesidad.","og_url":"https:\/\/adimir.org\/ca\/producto\/adhesiu-nin-amb-autisme-a-bord\/","og_site_name":"Adimir Atenci\u00f3n integral a personas con diversidad funcional","article_modified_time":"2025-06-05T14:11:22+00:00","og_image":[{"width":500,"height":500,"url":"https:\/\/adimir.org\/wp-content\/uploads\/pegatina-autismo.webp","type":"image\/webp"}],"twitter_card":"summary_large_image","twitter_misc":{"Temps estimat de lectura":"1 minut"},"schema":{"@context":"https:\/\/schema.org","@graph":[{"@type":"WebPage","@id":"https:\/\/adimir.org\/ca\/producto\/adhesiu-nin-amb-autisme-a-bord\/","url":"https:\/\/adimir.org\/ca\/producto\/adhesiu-nin-amb-autisme-a-bord\/","name":"Comprar l'adhesiu \u201c*Ni\u00f1@ amb autisme a bord\u201d en Fundaci\u00f3 *Adimir","isPartOf":{"@id":"https:\/\/adimir.org\/ca\/#website"},"primaryImageOfPage":{"@id":"https:\/\/adimir.org\/ca\/producto\/adhesiu-nin-amb-autisme-a-bord\/#primaryimage"},"image":{"@id":"https:\/\/adimir.org\/ca\/producto\/adhesiu-nin-amb-autisme-a-bord\/#primaryimage"},"thumbnailUrl":"https:\/\/adimir.org\/wp-content\/uploads\/pegatina-autismo.webp","datePublished":"2025-01-28T11:18:50+00:00","dateModified":"2025-06-05T14:11:22+00:00","description":"Esta pegatina visibiliza que las personas autistas est\u00e1n a nuestro lado y educa a las personas en caso de necesidad.","breadcrumb":{"@id":"https:\/\/adimir.org\/ca\/producto\/adhesiu-nin-amb-autisme-a-bord\/#breadcrumb"},"inLanguage":"ca","potentialAction":[{"@type":"ReadAction","target":["https:\/\/adimir.org\/ca\/producto\/adhesiu-nin-amb-autisme-a-bord\/"]}]},{"@type":"ImageObject","inLanguage":"ca","@id":"https:\/\/adimir.org\/ca\/producto\/adhesiu-nin-amb-autisme-a-bord\/#primaryimage","url":"https:\/\/adimir.org\/wp-content\/uploads\/pegatina-autismo.webp","contentUrl":"https:\/\/adimir.org\/wp-content\/uploads\/pegatina-autismo.webp","width":500,"height":500},{"@type":"BreadcrumbList","@id":"https:\/\/adimir.org\/ca\/producto\/adhesiu-nin-amb-autisme-a-bord\/#breadcrumb","itemListElement":[{"@type":"ListItem","position":1,"name":"Inicio","item":"https:\/\/adimir.org\/ca\/"},{"@type":"ListItem","position":2,"name":"Tienda","item":"https:\/\/adimir.org\/tienda\/"},{"@type":"ListItem","position":3,"name":"Adhesiu Infant amb autisme a bord"}]},{"@type":"WebSite","@id":"https:\/\/adimir.org\/ca\/#website","url":"https:\/\/adimir.org\/ca\/","name":"Adimir Atenci\u00f3n integral a personas con diversidad funcional","description":"","publisher":{"@id":"https:\/\/adimir.org\/ca\/#organization"},"potentialAction":[{"@type":"SearchAction","target":{"@type":"EntryPoint","urlTemplate":"https:\/\/adimir.org\/ca\/?s={search_term_string}"},"query-input":{"@type":"PropertyValueSpecification","valueRequired":true,"valueName":"search_term_string"}}],"inLanguage":"ca"},{"@type":"Organization","@id":"https:\/\/adimir.org\/ca\/#organization","name":"Adimir Atenci\u00f3n integral a personas con diversidad funcional","url":"https:\/\/adimir.org\/ca\/","logo":{"@type":"ImageObject","inLanguage":"ca","@id":"https:\/\/adimir.org\/ca\/#\/schema\/logo\/image\/","url":"https:\/\/adimir.pruebasweb.com.es\/wp-content\/uploads\/2024\/08\/Adimir-500.png","contentUrl":"https:\/\/adimir.pruebasweb.com.es\/wp-content\/uploads\/2024\/08\/Adimir-500.png","width":500,"height":273,"caption":"Adimir Atenci\u00f3n integral a personas con diversidad funcional"},"image":{"@id":"https:\/\/adimir.org\/ca\/#\/schema\/logo\/image\/"}}]}},"_links":{"self":[{"href":"https:\/\/adimir.org\/ca\/wp-json\/wp\/v2\/product\/7231","targetHints":{"allow":["GET"]}}],"collection":[{"href":"https:\/\/adimir.org\/ca\/wp-json\/wp\/v2\/product"}],"about":[{"href":"https:\/\/adimir.org\/ca\/wp-json\/wp\/v2\/types\/product"}],"wp:featuredmedia":[{"embeddable":true,"href":"https:\/\/adimir.org\/ca\/wp-json\/wp\/v2\/media\/5082"}],"wp:attachment":[{"href":"https:\/\/adimir.org\/ca\/wp-json\/wp\/v2\/media?parent=7231"}],"wp:term":[{"taxonomy":"product_brand","embeddable":true,"href":"https:\/\/adimir.org\/ca\/wp-json\/wp\/v2\/product_brand?post=7231"},{"taxonomy":"product_cat","embeddable":true,"href":"https:\/\/adimir.org\/ca\/wp-json\/wp\/v2\/product_cat?post=7231"},{"taxonomy":"product_tag","embeddable":true,"href":"https:\/\/adimir.org\/ca\/wp-json\/wp\/v2\/product_tag?post=7231"}],"curies":[{"name":"wp","href":"https:\/\/api.w.org\/{rel}","templated":true}]}}