{"id":7234,"date":"2025-01-28T11:28:41","date_gmt":"2025-01-28T10:28:41","guid":{"rendered":"https:\/\/adimir.org\/producto\/donacio-a-adimir-per-la-quantitat-que-desitgis\/"},"modified":"2025-06-05T17:10:53","modified_gmt":"2025-06-05T15:10:53","slug":"donacio-a-adimir-per-la-quantitat-que-desitgis","status":"publish","type":"product","link":"https:\/\/adimir.org\/ca\/producto\/donacio-a-adimir-per-la-quantitat-que-desitgis\/","title":{"rendered":"Donaci\u00f3 a ADIMIR per la quantitat que desitgis"},"content":{"rendered":"<p>Cada aportaci\u00f3 que rebem, sigui gran o petit, suma per a continuar oferint suport i oportunitats. Tu tries quant donar, i nosaltres ens assegurem que s&#8217;utilitzi on m\u00e9s es necessita. Gr\u00e0cies per ser part d&#8217;aquest canvi.<\/p>\n","protected":false},"excerpt":{"rendered":"<p>Tu decideixes la quantitat que vols donar i nosaltres ho emprarem on m\u00e9s es necessiti.<\/p>\n","protected":false},"featured_media":5078,"template":"","meta":[],"product_brand":[],"product_cat":[107],"product_tag":[],"class_list":{"0":"post-7234","1":"product","2":"type-product","3":"status-publish","4":"has-post-thumbnail","6":"product_cat-donatius","8":"first","9":"instock","10":"virtual","11":"sold-individually","12":"purchasable","13":"product-type-simple"},"yoast_head":"<!-- This site is optimized with the Yoast SEO plugin v27.3 - https:\/\/yoast.com\/product\/yoast-seo-wordpress\/ -->\n<title>Fes una donaci\u00f3 a la fundaci\u00f3 ADIMIR<\/title>\n<meta name=\"description\" content=\"Cada aportaci\u00f3 que rebem, sigui gran o petit, suma per a continuar oferint suport i oportunitats. Tu tries quant donar.\" \/>\n<meta name=\"robots\" content=\"index, follow, max-snippet:-1, max-image-preview:large, max-video-preview:-1\" \/>\n<link rel=\"canonical\" href=\"https:\/\/adimir.org\/ca\/producto\/donacio-a-adimir-per-la-quantitat-que-desitgis\/\" \/>\n<meta property=\"og:locale\" content=\"ca_ES\" \/>\n<meta property=\"og:type\" content=\"article\" \/>\n<meta property=\"og:title\" content=\"Fes una donaci\u00f3 a la fundaci\u00f3 ADIMIR\" \/>\n<meta property=\"og:description\" content=\"Cada aportaci\u00f3 que rebem, sigui gran o petit, suma per a continuar oferint suport i oportunitats. Tu tries quant donar.\" \/>\n<meta property=\"og:url\" content=\"https:\/\/adimir.org\/ca\/producto\/donacio-a-adimir-per-la-quantitat-que-desitgis\/\" \/>\n<meta property=\"og:site_name\" content=\"Adimir Atenci\u00f3n integral a personas con diversidad funcional\" \/>\n<meta property=\"article:modified_time\" content=\"2025-06-05T15:10:53+00:00\" \/>\n<meta property=\"og:image\" content=\"https:\/\/adimir.org\/wp-content\/uploads\/banner-inclusion.webp\" \/>\n\t<meta property=\"og:image:width\" content=\"500\" \/>\n\t<meta property=\"og:image:height\" content=\"500\" \/>\n\t<meta property=\"og:image:type\" content=\"image\/webp\" \/>\n<meta name=\"twitter:card\" content=\"summary_large_image\" \/>\n<meta name=\"twitter:label1\" content=\"Temps estimat de lectura\" \/>\n\t<meta name=\"twitter:data1\" content=\"1 minut\" \/>\n<script type=\"application\/ld+json\" class=\"yoast-schema-graph\">{\"@context\":\"https:\\\/\\\/schema.org\",\"@graph\":[{\"@type\":\"WebPage\",\"@id\":\"https:\\\/\\\/adimir.org\\\/ca\\\/producto\\\/donacio-a-adimir-per-la-quantitat-que-desitgis\\\/\",\"url\":\"https:\\\/\\\/adimir.org\\\/ca\\\/producto\\\/donacio-a-adimir-per-la-quantitat-que-desitgis\\\/\",\"name\":\"Fes una donaci\u00f3 a la fundaci\u00f3 ADIMIR\",\"isPartOf\":{\"@id\":\"https:\\\/\\\/adimir.org\\\/ca\\\/#website\"},\"primaryImageOfPage\":{\"@id\":\"https:\\\/\\\/adimir.org\\\/ca\\\/producto\\\/donacio-a-adimir-per-la-quantitat-que-desitgis\\\/#primaryimage\"},\"image\":{\"@id\":\"https:\\\/\\\/adimir.org\\\/ca\\\/producto\\\/donacio-a-adimir-per-la-quantitat-que-desitgis\\\/#primaryimage\"},\"thumbnailUrl\":\"https:\\\/\\\/adimir.org\\\/wp-content\\\/uploads\\\/banner-inclusion.webp\",\"datePublished\":\"2025-01-28T10:28:41+00:00\",\"dateModified\":\"2025-06-05T15:10:53+00:00\",\"description\":\"Cada aportaci\u00f3 que rebem, sigui gran o petit, suma per a continuar oferint suport i oportunitats. Tu tries quant donar.\",\"breadcrumb\":{\"@id\":\"https:\\\/\\\/adimir.org\\\/ca\\\/producto\\\/donacio-a-adimir-per-la-quantitat-que-desitgis\\\/#breadcrumb\"},\"inLanguage\":\"ca\",\"potentialAction\":[{\"@type\":\"ReadAction\",\"target\":[\"https:\\\/\\\/adimir.org\\\/ca\\\/producto\\\/donacio-a-adimir-per-la-quantitat-que-desitgis\\\/\"]}]},{\"@type\":\"ImageObject\",\"inLanguage\":\"ca\",\"@id\":\"https:\\\/\\\/adimir.org\\\/ca\\\/producto\\\/donacio-a-adimir-per-la-quantitat-que-desitgis\\\/#primaryimage\",\"url\":\"https:\\\/\\\/adimir.org\\\/wp-content\\\/uploads\\\/banner-inclusion.webp\",\"contentUrl\":\"https:\\\/\\\/adimir.org\\\/wp-content\\\/uploads\\\/banner-inclusion.webp\",\"width\":500,\"height\":500},{\"@type\":\"BreadcrumbList\",\"@id\":\"https:\\\/\\\/adimir.org\\\/ca\\\/producto\\\/donacio-a-adimir-per-la-quantitat-que-desitgis\\\/#breadcrumb\",\"itemListElement\":[{\"@type\":\"ListItem\",\"position\":1,\"name\":\"Inicio\",\"item\":\"https:\\\/\\\/adimir.org\\\/ca\\\/\"},{\"@type\":\"ListItem\",\"position\":2,\"name\":\"Tienda\",\"item\":\"https:\\\/\\\/adimir.org\\\/tienda\\\/\"},{\"@type\":\"ListItem\",\"position\":3,\"name\":\"Donaci\u00f3 a ADIMIR per la quantitat que desitgis\"}]},{\"@type\":\"WebSite\",\"@id\":\"https:\\\/\\\/adimir.org\\\/ca\\\/#website\",\"url\":\"https:\\\/\\\/adimir.org\\\/ca\\\/\",\"name\":\"Adimir Atenci\u00f3n integral a personas con diversidad funcional\",\"description\":\"\",\"publisher\":{\"@id\":\"https:\\\/\\\/adimir.org\\\/ca\\\/#organization\"},\"potentialAction\":[{\"@type\":\"SearchAction\",\"target\":{\"@type\":\"EntryPoint\",\"urlTemplate\":\"https:\\\/\\\/adimir.org\\\/ca\\\/?s={search_term_string}\"},\"query-input\":{\"@type\":\"PropertyValueSpecification\",\"valueRequired\":true,\"valueName\":\"search_term_string\"}}],\"inLanguage\":\"ca\"},{\"@type\":\"Organization\",\"@id\":\"https:\\\/\\\/adimir.org\\\/ca\\\/#organization\",\"name\":\"Adimir Atenci\u00f3n integral a personas con diversidad funcional\",\"url\":\"https:\\\/\\\/adimir.org\\\/ca\\\/\",\"logo\":{\"@type\":\"ImageObject\",\"inLanguage\":\"ca\",\"@id\":\"https:\\\/\\\/adimir.org\\\/ca\\\/#\\\/schema\\\/logo\\\/image\\\/\",\"url\":\"https:\\\/\\\/adimir.pruebasweb.com.es\\\/wp-content\\\/uploads\\\/2024\\\/08\\\/Adimir-500.png\",\"contentUrl\":\"https:\\\/\\\/adimir.pruebasweb.com.es\\\/wp-content\\\/uploads\\\/2024\\\/08\\\/Adimir-500.png\",\"width\":500,\"height\":273,\"caption\":\"Adimir Atenci\u00f3n integral a personas con diversidad funcional\"},\"image\":{\"@id\":\"https:\\\/\\\/adimir.org\\\/ca\\\/#\\\/schema\\\/logo\\\/image\\\/\"}}]}<\/script>\n<!-- \/ Yoast SEO plugin. -->","yoast_head_json":{"title":"Fes una donaci\u00f3 a la fundaci\u00f3 ADIMIR","description":"Cada aportaci\u00f3 que rebem, sigui gran o petit, suma per a continuar oferint suport i oportunitats. Tu tries quant donar.","robots":{"index":"index","follow":"follow","max-snippet":"max-snippet:-1","max-image-preview":"max-image-preview:large","max-video-preview":"max-video-preview:-1"},"canonical":"https:\/\/adimir.org\/ca\/producto\/donacio-a-adimir-per-la-quantitat-que-desitgis\/","og_locale":"ca_ES","og_type":"article","og_title":"Fes una donaci\u00f3 a la fundaci\u00f3 ADIMIR","og_description":"Cada aportaci\u00f3 que rebem, sigui gran o petit, suma per a continuar oferint suport i oportunitats. Tu tries quant donar.","og_url":"https:\/\/adimir.org\/ca\/producto\/donacio-a-adimir-per-la-quantitat-que-desitgis\/","og_site_name":"Adimir Atenci\u00f3n integral a personas con diversidad funcional","article_modified_time":"2025-06-05T15:10:53+00:00","og_image":[{"width":500,"height":500,"url":"https:\/\/adimir.org\/wp-content\/uploads\/banner-inclusion.webp","type":"image\/webp"}],"twitter_card":"summary_large_image","twitter_misc":{"Temps estimat de lectura":"1 minut"},"schema":{"@context":"https:\/\/schema.org","@graph":[{"@type":"WebPage","@id":"https:\/\/adimir.org\/ca\/producto\/donacio-a-adimir-per-la-quantitat-que-desitgis\/","url":"https:\/\/adimir.org\/ca\/producto\/donacio-a-adimir-per-la-quantitat-que-desitgis\/","name":"Fes una donaci\u00f3 a la fundaci\u00f3 ADIMIR","isPartOf":{"@id":"https:\/\/adimir.org\/ca\/#website"},"primaryImageOfPage":{"@id":"https:\/\/adimir.org\/ca\/producto\/donacio-a-adimir-per-la-quantitat-que-desitgis\/#primaryimage"},"image":{"@id":"https:\/\/adimir.org\/ca\/producto\/donacio-a-adimir-per-la-quantitat-que-desitgis\/#primaryimage"},"thumbnailUrl":"https:\/\/adimir.org\/wp-content\/uploads\/banner-inclusion.webp","datePublished":"2025-01-28T10:28:41+00:00","dateModified":"2025-06-05T15:10:53+00:00","description":"Cada aportaci\u00f3 que rebem, sigui gran o petit, suma per a continuar oferint suport i oportunitats. Tu tries quant donar.","breadcrumb":{"@id":"https:\/\/adimir.org\/ca\/producto\/donacio-a-adimir-per-la-quantitat-que-desitgis\/#breadcrumb"},"inLanguage":"ca","potentialAction":[{"@type":"ReadAction","target":["https:\/\/adimir.org\/ca\/producto\/donacio-a-adimir-per-la-quantitat-que-desitgis\/"]}]},{"@type":"ImageObject","inLanguage":"ca","@id":"https:\/\/adimir.org\/ca\/producto\/donacio-a-adimir-per-la-quantitat-que-desitgis\/#primaryimage","url":"https:\/\/adimir.org\/wp-content\/uploads\/banner-inclusion.webp","contentUrl":"https:\/\/adimir.org\/wp-content\/uploads\/banner-inclusion.webp","width":500,"height":500},{"@type":"BreadcrumbList","@id":"https:\/\/adimir.org\/ca\/producto\/donacio-a-adimir-per-la-quantitat-que-desitgis\/#breadcrumb","itemListElement":[{"@type":"ListItem","position":1,"name":"Inicio","item":"https:\/\/adimir.org\/ca\/"},{"@type":"ListItem","position":2,"name":"Tienda","item":"https:\/\/adimir.org\/tienda\/"},{"@type":"ListItem","position":3,"name":"Donaci\u00f3 a ADIMIR per la quantitat que desitgis"}]},{"@type":"WebSite","@id":"https:\/\/adimir.org\/ca\/#website","url":"https:\/\/adimir.org\/ca\/","name":"Adimir Atenci\u00f3n integral a personas con diversidad funcional","description":"","publisher":{"@id":"https:\/\/adimir.org\/ca\/#organization"},"potentialAction":[{"@type":"SearchAction","target":{"@type":"EntryPoint","urlTemplate":"https:\/\/adimir.org\/ca\/?s={search_term_string}"},"query-input":{"@type":"PropertyValueSpecification","valueRequired":true,"valueName":"search_term_string"}}],"inLanguage":"ca"},{"@type":"Organization","@id":"https:\/\/adimir.org\/ca\/#organization","name":"Adimir Atenci\u00f3n integral a personas con diversidad funcional","url":"https:\/\/adimir.org\/ca\/","logo":{"@type":"ImageObject","inLanguage":"ca","@id":"https:\/\/adimir.org\/ca\/#\/schema\/logo\/image\/","url":"https:\/\/adimir.pruebasweb.com.es\/wp-content\/uploads\/2024\/08\/Adimir-500.png","contentUrl":"https:\/\/adimir.pruebasweb.com.es\/wp-content\/uploads\/2024\/08\/Adimir-500.png","width":500,"height":273,"caption":"Adimir Atenci\u00f3n integral a personas con diversidad funcional"},"image":{"@id":"https:\/\/adimir.org\/ca\/#\/schema\/logo\/image\/"}}]}},"_links":{"self":[{"href":"https:\/\/adimir.org\/ca\/wp-json\/wp\/v2\/product\/7234","targetHints":{"allow":["GET"]}}],"collection":[{"href":"https:\/\/adimir.org\/ca\/wp-json\/wp\/v2\/product"}],"about":[{"href":"https:\/\/adimir.org\/ca\/wp-json\/wp\/v2\/types\/product"}],"wp:featuredmedia":[{"embeddable":true,"href":"https:\/\/adimir.org\/ca\/wp-json\/wp\/v2\/media\/5078"}],"wp:attachment":[{"href":"https:\/\/adimir.org\/ca\/wp-json\/wp\/v2\/media?parent=7234"}],"wp:term":[{"taxonomy":"product_brand","embeddable":true,"href":"https:\/\/adimir.org\/ca\/wp-json\/wp\/v2\/product_brand?post=7234"},{"taxonomy":"product_cat","embeddable":true,"href":"https:\/\/adimir.org\/ca\/wp-json\/wp\/v2\/product_cat?post=7234"},{"taxonomy":"product_tag","embeddable":true,"href":"https:\/\/adimir.org\/ca\/wp-json\/wp\/v2\/product_tag?post=7234"}],"curies":[{"name":"wp","href":"https:\/\/api.w.org\/{rel}","templated":true}]}}