{"id":7235,"date":"2025-01-28T11:27:32","date_gmt":"2025-01-28T10:27:32","guid":{"rendered":"https:\/\/adimir.org\/producto\/una-hora-de-terapia-psicopedagogica\/"},"modified":"2025-06-05T16:13:11","modified_gmt":"2025-06-05T14:13:11","slug":"una-hora-de-terapia-psicopedagogica","status":"publish","type":"product","link":"https:\/\/adimir.org\/ca\/producto\/una-hora-de-terapia-psicopedagogica\/","title":{"rendered":"Una hora de ter\u00e0pia psicopedag\u00f2gica"},"content":{"rendered":"<p>Cada sessi\u00f3 de ter\u00e0pia psicopedag\u00f2gica \u00e9s un pas cap al desenvolupament personal i l&#8217;autonomia dels nostres usuaris.<br \/>\nAmb 25\u20ac, ajudes al fet que una persona amb diversitat funcional rebi una hora de suport especialitzat.<br \/>\nLa teva col\u00b7laboraci\u00f3 marca la difer\u00e8ncia.<br \/>\n<strong>Gr\u00e0cies per fer-ho possible!<\/strong><\/p>\n","protected":false},"excerpt":{"rendered":"<p>Cada sessi\u00f3 de ter\u00e0pia psicopedag\u00f2gica \u00e9s un pas cap al  [&#8230;]<\/p>\n","protected":false},"featured_media":5084,"template":"","meta":[],"product_brand":[],"product_cat":[107],"product_tag":[],"class_list":{"0":"post-7235","1":"product","2":"type-product","3":"status-publish","4":"has-post-thumbnail","6":"product_cat-donatius","8":"first","9":"instock","10":"virtual","11":"purchasable","12":"product-type-simple"},"yoast_head":"<!-- This site is optimized with the Yoast SEO plugin v27.3 - https:\/\/yoast.com\/product\/yoast-seo-wordpress\/ -->\n<title>Donaci\u00f3 1h de ter\u00e0pia psicopedag\u00f2gica a Fundaci\u00f3 Adimir<\/title>\n<meta name=\"description\" content=\"Cada sessi\u00f3 de ter\u00e0pia psicopedag\u00f2gica \u00e9s un pas cap al desenvolupament personal. Amb 25\u20ac ajudes al fet que una persona amb diversitat funcional rebi una hora de suport.\" \/>\n<meta name=\"robots\" content=\"index, follow, max-snippet:-1, max-image-preview:large, max-video-preview:-1\" \/>\n<link rel=\"canonical\" href=\"https:\/\/adimir.org\/ca\/producto\/una-hora-de-terapia-psicopedagogica\/\" \/>\n<meta property=\"og:locale\" content=\"ca_ES\" \/>\n<meta property=\"og:type\" content=\"article\" \/>\n<meta property=\"og:title\" content=\"Donaci\u00f3 1h de ter\u00e0pia psicopedag\u00f2gica a Fundaci\u00f3 Adimir\" \/>\n<meta property=\"og:description\" content=\"Cada sessi\u00f3 de ter\u00e0pia psicopedag\u00f2gica \u00e9s un pas cap al desenvolupament personal. Amb 25\u20ac ajudes al fet que una persona amb diversitat funcional rebi una hora de suport.\" \/>\n<meta property=\"og:url\" content=\"https:\/\/adimir.org\/ca\/producto\/una-hora-de-terapia-psicopedagogica\/\" \/>\n<meta property=\"og:site_name\" content=\"Adimir Atenci\u00f3n integral a personas con diversidad funcional\" \/>\n<meta property=\"article:modified_time\" content=\"2025-06-05T14:13:11+00:00\" \/>\n<meta property=\"og:image\" content=\"https:\/\/adimir.org\/wp-content\/uploads\/banner-profesora.webp\" \/>\n\t<meta property=\"og:image:width\" content=\"500\" \/>\n\t<meta property=\"og:image:height\" content=\"500\" \/>\n\t<meta property=\"og:image:type\" content=\"image\/webp\" \/>\n<meta name=\"twitter:card\" content=\"summary_large_image\" \/>\n<script type=\"application\/ld+json\" class=\"yoast-schema-graph\">{\"@context\":\"https:\\\/\\\/schema.org\",\"@graph\":[{\"@type\":\"WebPage\",\"@id\":\"https:\\\/\\\/adimir.org\\\/ca\\\/producto\\\/una-hora-de-terapia-psicopedagogica\\\/\",\"url\":\"https:\\\/\\\/adimir.org\\\/ca\\\/producto\\\/una-hora-de-terapia-psicopedagogica\\\/\",\"name\":\"Donaci\u00f3 1h de ter\u00e0pia psicopedag\u00f2gica a Fundaci\u00f3 Adimir\",\"isPartOf\":{\"@id\":\"https:\\\/\\\/adimir.org\\\/ca\\\/#website\"},\"primaryImageOfPage\":{\"@id\":\"https:\\\/\\\/adimir.org\\\/ca\\\/producto\\\/una-hora-de-terapia-psicopedagogica\\\/#primaryimage\"},\"image\":{\"@id\":\"https:\\\/\\\/adimir.org\\\/ca\\\/producto\\\/una-hora-de-terapia-psicopedagogica\\\/#primaryimage\"},\"thumbnailUrl\":\"https:\\\/\\\/adimir.org\\\/wp-content\\\/uploads\\\/banner-profesora.webp\",\"datePublished\":\"2025-01-28T10:27:32+00:00\",\"dateModified\":\"2025-06-05T14:13:11+00:00\",\"description\":\"Cada sessi\u00f3 de ter\u00e0pia psicopedag\u00f2gica \u00e9s un pas cap al desenvolupament personal. Amb 25\u20ac ajudes al fet que una persona amb diversitat funcional rebi una hora de suport.\",\"breadcrumb\":{\"@id\":\"https:\\\/\\\/adimir.org\\\/ca\\\/producto\\\/una-hora-de-terapia-psicopedagogica\\\/#breadcrumb\"},\"inLanguage\":\"ca\",\"potentialAction\":[{\"@type\":\"ReadAction\",\"target\":[\"https:\\\/\\\/adimir.org\\\/ca\\\/producto\\\/una-hora-de-terapia-psicopedagogica\\\/\"]}]},{\"@type\":\"ImageObject\",\"inLanguage\":\"ca\",\"@id\":\"https:\\\/\\\/adimir.org\\\/ca\\\/producto\\\/una-hora-de-terapia-psicopedagogica\\\/#primaryimage\",\"url\":\"https:\\\/\\\/adimir.org\\\/wp-content\\\/uploads\\\/banner-profesora.webp\",\"contentUrl\":\"https:\\\/\\\/adimir.org\\\/wp-content\\\/uploads\\\/banner-profesora.webp\",\"width\":500,\"height\":500},{\"@type\":\"BreadcrumbList\",\"@id\":\"https:\\\/\\\/adimir.org\\\/ca\\\/producto\\\/una-hora-de-terapia-psicopedagogica\\\/#breadcrumb\",\"itemListElement\":[{\"@type\":\"ListItem\",\"position\":1,\"name\":\"Inicio\",\"item\":\"https:\\\/\\\/adimir.org\\\/ca\\\/\"},{\"@type\":\"ListItem\",\"position\":2,\"name\":\"Tienda\",\"item\":\"https:\\\/\\\/adimir.org\\\/tienda\\\/\"},{\"@type\":\"ListItem\",\"position\":3,\"name\":\"Una hora de ter\u00e0pia psicopedag\u00f2gica\"}]},{\"@type\":\"WebSite\",\"@id\":\"https:\\\/\\\/adimir.org\\\/ca\\\/#website\",\"url\":\"https:\\\/\\\/adimir.org\\\/ca\\\/\",\"name\":\"Adimir Atenci\u00f3n integral a personas con diversidad funcional\",\"description\":\"\",\"publisher\":{\"@id\":\"https:\\\/\\\/adimir.org\\\/ca\\\/#organization\"},\"potentialAction\":[{\"@type\":\"SearchAction\",\"target\":{\"@type\":\"EntryPoint\",\"urlTemplate\":\"https:\\\/\\\/adimir.org\\\/ca\\\/?s={search_term_string}\"},\"query-input\":{\"@type\":\"PropertyValueSpecification\",\"valueRequired\":true,\"valueName\":\"search_term_string\"}}],\"inLanguage\":\"ca\"},{\"@type\":\"Organization\",\"@id\":\"https:\\\/\\\/adimir.org\\\/ca\\\/#organization\",\"name\":\"Adimir Atenci\u00f3n integral a personas con diversidad funcional\",\"url\":\"https:\\\/\\\/adimir.org\\\/ca\\\/\",\"logo\":{\"@type\":\"ImageObject\",\"inLanguage\":\"ca\",\"@id\":\"https:\\\/\\\/adimir.org\\\/ca\\\/#\\\/schema\\\/logo\\\/image\\\/\",\"url\":\"https:\\\/\\\/adimir.pruebasweb.com.es\\\/wp-content\\\/uploads\\\/2024\\\/08\\\/Adimir-500.png\",\"contentUrl\":\"https:\\\/\\\/adimir.pruebasweb.com.es\\\/wp-content\\\/uploads\\\/2024\\\/08\\\/Adimir-500.png\",\"width\":500,\"height\":273,\"caption\":\"Adimir Atenci\u00f3n integral a personas con diversidad funcional\"},\"image\":{\"@id\":\"https:\\\/\\\/adimir.org\\\/ca\\\/#\\\/schema\\\/logo\\\/image\\\/\"}}]}<\/script>\n<!-- \/ Yoast SEO plugin. -->","yoast_head_json":{"title":"Donaci\u00f3 1h de ter\u00e0pia psicopedag\u00f2gica a Fundaci\u00f3 Adimir","description":"Cada sessi\u00f3 de ter\u00e0pia psicopedag\u00f2gica \u00e9s un pas cap al desenvolupament personal. Amb 25\u20ac ajudes al fet que una persona amb diversitat funcional rebi una hora de suport.","robots":{"index":"index","follow":"follow","max-snippet":"max-snippet:-1","max-image-preview":"max-image-preview:large","max-video-preview":"max-video-preview:-1"},"canonical":"https:\/\/adimir.org\/ca\/producto\/una-hora-de-terapia-psicopedagogica\/","og_locale":"ca_ES","og_type":"article","og_title":"Donaci\u00f3 1h de ter\u00e0pia psicopedag\u00f2gica a Fundaci\u00f3 Adimir","og_description":"Cada sessi\u00f3 de ter\u00e0pia psicopedag\u00f2gica \u00e9s un pas cap al desenvolupament personal. Amb 25\u20ac ajudes al fet que una persona amb diversitat funcional rebi una hora de suport.","og_url":"https:\/\/adimir.org\/ca\/producto\/una-hora-de-terapia-psicopedagogica\/","og_site_name":"Adimir Atenci\u00f3n integral a personas con diversidad funcional","article_modified_time":"2025-06-05T14:13:11+00:00","og_image":[{"width":500,"height":500,"url":"https:\/\/adimir.org\/wp-content\/uploads\/banner-profesora.webp","type":"image\/webp"}],"twitter_card":"summary_large_image","schema":{"@context":"https:\/\/schema.org","@graph":[{"@type":"WebPage","@id":"https:\/\/adimir.org\/ca\/producto\/una-hora-de-terapia-psicopedagogica\/","url":"https:\/\/adimir.org\/ca\/producto\/una-hora-de-terapia-psicopedagogica\/","name":"Donaci\u00f3 1h de ter\u00e0pia psicopedag\u00f2gica a Fundaci\u00f3 Adimir","isPartOf":{"@id":"https:\/\/adimir.org\/ca\/#website"},"primaryImageOfPage":{"@id":"https:\/\/adimir.org\/ca\/producto\/una-hora-de-terapia-psicopedagogica\/#primaryimage"},"image":{"@id":"https:\/\/adimir.org\/ca\/producto\/una-hora-de-terapia-psicopedagogica\/#primaryimage"},"thumbnailUrl":"https:\/\/adimir.org\/wp-content\/uploads\/banner-profesora.webp","datePublished":"2025-01-28T10:27:32+00:00","dateModified":"2025-06-05T14:13:11+00:00","description":"Cada sessi\u00f3 de ter\u00e0pia psicopedag\u00f2gica \u00e9s un pas cap al desenvolupament personal. Amb 25\u20ac ajudes al fet que una persona amb diversitat funcional rebi una hora de suport.","breadcrumb":{"@id":"https:\/\/adimir.org\/ca\/producto\/una-hora-de-terapia-psicopedagogica\/#breadcrumb"},"inLanguage":"ca","potentialAction":[{"@type":"ReadAction","target":["https:\/\/adimir.org\/ca\/producto\/una-hora-de-terapia-psicopedagogica\/"]}]},{"@type":"ImageObject","inLanguage":"ca","@id":"https:\/\/adimir.org\/ca\/producto\/una-hora-de-terapia-psicopedagogica\/#primaryimage","url":"https:\/\/adimir.org\/wp-content\/uploads\/banner-profesora.webp","contentUrl":"https:\/\/adimir.org\/wp-content\/uploads\/banner-profesora.webp","width":500,"height":500},{"@type":"BreadcrumbList","@id":"https:\/\/adimir.org\/ca\/producto\/una-hora-de-terapia-psicopedagogica\/#breadcrumb","itemListElement":[{"@type":"ListItem","position":1,"name":"Inicio","item":"https:\/\/adimir.org\/ca\/"},{"@type":"ListItem","position":2,"name":"Tienda","item":"https:\/\/adimir.org\/tienda\/"},{"@type":"ListItem","position":3,"name":"Una hora de ter\u00e0pia psicopedag\u00f2gica"}]},{"@type":"WebSite","@id":"https:\/\/adimir.org\/ca\/#website","url":"https:\/\/adimir.org\/ca\/","name":"Adimir Atenci\u00f3n integral a personas con diversidad funcional","description":"","publisher":{"@id":"https:\/\/adimir.org\/ca\/#organization"},"potentialAction":[{"@type":"SearchAction","target":{"@type":"EntryPoint","urlTemplate":"https:\/\/adimir.org\/ca\/?s={search_term_string}"},"query-input":{"@type":"PropertyValueSpecification","valueRequired":true,"valueName":"search_term_string"}}],"inLanguage":"ca"},{"@type":"Organization","@id":"https:\/\/adimir.org\/ca\/#organization","name":"Adimir Atenci\u00f3n integral a personas con diversidad funcional","url":"https:\/\/adimir.org\/ca\/","logo":{"@type":"ImageObject","inLanguage":"ca","@id":"https:\/\/adimir.org\/ca\/#\/schema\/logo\/image\/","url":"https:\/\/adimir.pruebasweb.com.es\/wp-content\/uploads\/2024\/08\/Adimir-500.png","contentUrl":"https:\/\/adimir.pruebasweb.com.es\/wp-content\/uploads\/2024\/08\/Adimir-500.png","width":500,"height":273,"caption":"Adimir Atenci\u00f3n integral a personas con diversidad funcional"},"image":{"@id":"https:\/\/adimir.org\/ca\/#\/schema\/logo\/image\/"}}]}},"_links":{"self":[{"href":"https:\/\/adimir.org\/ca\/wp-json\/wp\/v2\/product\/7235","targetHints":{"allow":["GET"]}}],"collection":[{"href":"https:\/\/adimir.org\/ca\/wp-json\/wp\/v2\/product"}],"about":[{"href":"https:\/\/adimir.org\/ca\/wp-json\/wp\/v2\/types\/product"}],"wp:featuredmedia":[{"embeddable":true,"href":"https:\/\/adimir.org\/ca\/wp-json\/wp\/v2\/media\/5084"}],"wp:attachment":[{"href":"https:\/\/adimir.org\/ca\/wp-json\/wp\/v2\/media?parent=7235"}],"wp:term":[{"taxonomy":"product_brand","embeddable":true,"href":"https:\/\/adimir.org\/ca\/wp-json\/wp\/v2\/product_brand?post=7235"},{"taxonomy":"product_cat","embeddable":true,"href":"https:\/\/adimir.org\/ca\/wp-json\/wp\/v2\/product_cat?post=7235"},{"taxonomy":"product_tag","embeddable":true,"href":"https:\/\/adimir.org\/ca\/wp-json\/wp\/v2\/product_tag?post=7235"}],"curies":[{"name":"wp","href":"https:\/\/api.w.org\/{rel}","templated":true}]}}