{"id":7238,"date":"2025-01-28T11:26:23","date_gmt":"2025-01-28T10:26:23","guid":{"rendered":"https:\/\/adimir.org\/producto\/una-hora-de-gestio-del-projecte-caid-montcada\/"},"modified":"2025-01-28T11:26:23","modified_gmt":"2025-01-28T10:26:23","slug":"una-hora-de-gestio-del-projecte-caid-montcada","status":"publish","type":"product","link":"https:\/\/adimir.org\/ca\/producto\/una-hora-de-gestio-del-projecte-caid-montcada\/","title":{"rendered":"Una hora de gesti\u00f3 del projecte CAID Montcada"},"content":{"rendered":"<p>Gestionar els nostres centres requereix molta feina i persones dedicades exclusivament a aix\u00f2.<br \/>\nAmb 15\u20ac, contribueixes a una hora de gesti\u00f3 del projecte CAID Montcada, ajudant al fet que tot funcioni de manera eficient, de manera que continuem oferint suport als qui m\u00e9s ho necessiten.<br \/>\n<strong>La teva col\u00b7laboraci\u00f3 \u00e9s part d&#8217;aquest esfor\u00e7. Gr\u00e0cies per fer-ho possible!<\/strong><\/p>\n","protected":false},"excerpt":{"rendered":"<p>Gestionar els nostres centres requereix molta feina i persones dedicades  [&#8230;]<\/p>\n","protected":false},"featured_media":5086,"template":"","meta":[],"product_brand":[],"product_cat":[107],"product_tag":[],"class_list":{"0":"post-7238","1":"product","2":"type-product","3":"status-publish","4":"has-post-thumbnail","6":"product_cat-donatius","8":"first","9":"instock","10":"virtual","11":"purchasable","12":"product-type-simple"},"yoast_head":"<!-- This site is optimized with the Yoast SEO plugin v27.3 - https:\/\/yoast.com\/product\/yoast-seo-wordpress\/ -->\n<title>Donatiu per 1h de gesti\u00f3 de projecte CAID Montcada Adimir<\/title>\n<meta name=\"description\" content=\"Gestionar els nostres centres requereix molta feina i persones dedicades a aix\u00f2. Amb 15\u20ac, contribueixes a una hora de gesti\u00f3 del projecte CAID Montcada.\" \/>\n<meta name=\"robots\" content=\"index, follow, max-snippet:-1, max-image-preview:large, max-video-preview:-1\" \/>\n<link rel=\"canonical\" href=\"https:\/\/adimir.org\/ca\/producto\/una-hora-de-gestio-del-projecte-caid-montcada\/\" \/>\n<meta property=\"og:locale\" content=\"ca_ES\" \/>\n<meta property=\"og:type\" content=\"article\" \/>\n<meta property=\"og:title\" content=\"Donatiu per 1h de gesti\u00f3 de projecte CAID Montcada Adimir\" \/>\n<meta property=\"og:description\" content=\"Gestionar els nostres centres requereix molta feina i persones dedicades a aix\u00f2. Amb 15\u20ac, contribueixes a una hora de gesti\u00f3 del projecte CAID Montcada.\" \/>\n<meta property=\"og:url\" content=\"https:\/\/adimir.org\/ca\/producto\/una-hora-de-gestio-del-projecte-caid-montcada\/\" \/>\n<meta property=\"og:site_name\" content=\"Adimir Atenci\u00f3n integral a personas con diversidad funcional\" \/>\n<meta property=\"og:image\" content=\"https:\/\/adimir.org\/wp-content\/uploads\/banner-secretaria.webp\" \/>\n\t<meta property=\"og:image:width\" content=\"500\" \/>\n\t<meta property=\"og:image:height\" content=\"500\" \/>\n\t<meta property=\"og:image:type\" content=\"image\/webp\" \/>\n<meta name=\"twitter:card\" content=\"summary_large_image\" \/>\n<script type=\"application\/ld+json\" class=\"yoast-schema-graph\">{\"@context\":\"https:\\\/\\\/schema.org\",\"@graph\":[{\"@type\":\"WebPage\",\"@id\":\"https:\\\/\\\/adimir.org\\\/ca\\\/producto\\\/una-hora-de-gestio-del-projecte-caid-montcada\\\/\",\"url\":\"https:\\\/\\\/adimir.org\\\/ca\\\/producto\\\/una-hora-de-gestio-del-projecte-caid-montcada\\\/\",\"name\":\"Donatiu per 1h de gesti\u00f3 de projecte CAID Montcada Adimir\",\"isPartOf\":{\"@id\":\"https:\\\/\\\/adimir.org\\\/ca\\\/#website\"},\"primaryImageOfPage\":{\"@id\":\"https:\\\/\\\/adimir.org\\\/ca\\\/producto\\\/una-hora-de-gestio-del-projecte-caid-montcada\\\/#primaryimage\"},\"image\":{\"@id\":\"https:\\\/\\\/adimir.org\\\/ca\\\/producto\\\/una-hora-de-gestio-del-projecte-caid-montcada\\\/#primaryimage\"},\"thumbnailUrl\":\"https:\\\/\\\/adimir.org\\\/wp-content\\\/uploads\\\/banner-secretaria.webp\",\"datePublished\":\"2025-01-28T10:26:23+00:00\",\"description\":\"Gestionar els nostres centres requereix molta feina i persones dedicades a aix\u00f2. Amb 15\u20ac, contribueixes a una hora de gesti\u00f3 del projecte CAID Montcada.\",\"breadcrumb\":{\"@id\":\"https:\\\/\\\/adimir.org\\\/ca\\\/producto\\\/una-hora-de-gestio-del-projecte-caid-montcada\\\/#breadcrumb\"},\"inLanguage\":\"ca\",\"potentialAction\":[{\"@type\":\"ReadAction\",\"target\":[\"https:\\\/\\\/adimir.org\\\/ca\\\/producto\\\/una-hora-de-gestio-del-projecte-caid-montcada\\\/\"]}]},{\"@type\":\"ImageObject\",\"inLanguage\":\"ca\",\"@id\":\"https:\\\/\\\/adimir.org\\\/ca\\\/producto\\\/una-hora-de-gestio-del-projecte-caid-montcada\\\/#primaryimage\",\"url\":\"https:\\\/\\\/adimir.org\\\/wp-content\\\/uploads\\\/banner-secretaria.webp\",\"contentUrl\":\"https:\\\/\\\/adimir.org\\\/wp-content\\\/uploads\\\/banner-secretaria.webp\",\"width\":500,\"height\":500},{\"@type\":\"BreadcrumbList\",\"@id\":\"https:\\\/\\\/adimir.org\\\/ca\\\/producto\\\/una-hora-de-gestio-del-projecte-caid-montcada\\\/#breadcrumb\",\"itemListElement\":[{\"@type\":\"ListItem\",\"position\":1,\"name\":\"Inicio\",\"item\":\"https:\\\/\\\/adimir.org\\\/ca\\\/\"},{\"@type\":\"ListItem\",\"position\":2,\"name\":\"Tienda\",\"item\":\"https:\\\/\\\/adimir.org\\\/tienda\\\/\"},{\"@type\":\"ListItem\",\"position\":3,\"name\":\"Una hora de gesti\u00f3 del projecte CAID Montcada\"}]},{\"@type\":\"WebSite\",\"@id\":\"https:\\\/\\\/adimir.org\\\/ca\\\/#website\",\"url\":\"https:\\\/\\\/adimir.org\\\/ca\\\/\",\"name\":\"Adimir Atenci\u00f3n integral a personas con diversidad funcional\",\"description\":\"\",\"publisher\":{\"@id\":\"https:\\\/\\\/adimir.org\\\/ca\\\/#organization\"},\"potentialAction\":[{\"@type\":\"SearchAction\",\"target\":{\"@type\":\"EntryPoint\",\"urlTemplate\":\"https:\\\/\\\/adimir.org\\\/ca\\\/?s={search_term_string}\"},\"query-input\":{\"@type\":\"PropertyValueSpecification\",\"valueRequired\":true,\"valueName\":\"search_term_string\"}}],\"inLanguage\":\"ca\"},{\"@type\":\"Organization\",\"@id\":\"https:\\\/\\\/adimir.org\\\/ca\\\/#organization\",\"name\":\"Adimir Atenci\u00f3n integral a personas con diversidad funcional\",\"url\":\"https:\\\/\\\/adimir.org\\\/ca\\\/\",\"logo\":{\"@type\":\"ImageObject\",\"inLanguage\":\"ca\",\"@id\":\"https:\\\/\\\/adimir.org\\\/ca\\\/#\\\/schema\\\/logo\\\/image\\\/\",\"url\":\"https:\\\/\\\/adimir.pruebasweb.com.es\\\/wp-content\\\/uploads\\\/2024\\\/08\\\/Adimir-500.png\",\"contentUrl\":\"https:\\\/\\\/adimir.pruebasweb.com.es\\\/wp-content\\\/uploads\\\/2024\\\/08\\\/Adimir-500.png\",\"width\":500,\"height\":273,\"caption\":\"Adimir Atenci\u00f3n integral a personas con diversidad funcional\"},\"image\":{\"@id\":\"https:\\\/\\\/adimir.org\\\/ca\\\/#\\\/schema\\\/logo\\\/image\\\/\"}}]}<\/script>\n<!-- \/ Yoast SEO plugin. -->","yoast_head_json":{"title":"Donatiu per 1h de gesti\u00f3 de projecte CAID Montcada Adimir","description":"Gestionar els nostres centres requereix molta feina i persones dedicades a aix\u00f2. Amb 15\u20ac, contribueixes a una hora de gesti\u00f3 del projecte CAID Montcada.","robots":{"index":"index","follow":"follow","max-snippet":"max-snippet:-1","max-image-preview":"max-image-preview:large","max-video-preview":"max-video-preview:-1"},"canonical":"https:\/\/adimir.org\/ca\/producto\/una-hora-de-gestio-del-projecte-caid-montcada\/","og_locale":"ca_ES","og_type":"article","og_title":"Donatiu per 1h de gesti\u00f3 de projecte CAID Montcada Adimir","og_description":"Gestionar els nostres centres requereix molta feina i persones dedicades a aix\u00f2. Amb 15\u20ac, contribueixes a una hora de gesti\u00f3 del projecte CAID Montcada.","og_url":"https:\/\/adimir.org\/ca\/producto\/una-hora-de-gestio-del-projecte-caid-montcada\/","og_site_name":"Adimir Atenci\u00f3n integral a personas con diversidad funcional","og_image":[{"width":500,"height":500,"url":"https:\/\/adimir.org\/wp-content\/uploads\/banner-secretaria.webp","type":"image\/webp"}],"twitter_card":"summary_large_image","schema":{"@context":"https:\/\/schema.org","@graph":[{"@type":"WebPage","@id":"https:\/\/adimir.org\/ca\/producto\/una-hora-de-gestio-del-projecte-caid-montcada\/","url":"https:\/\/adimir.org\/ca\/producto\/una-hora-de-gestio-del-projecte-caid-montcada\/","name":"Donatiu per 1h de gesti\u00f3 de projecte CAID Montcada Adimir","isPartOf":{"@id":"https:\/\/adimir.org\/ca\/#website"},"primaryImageOfPage":{"@id":"https:\/\/adimir.org\/ca\/producto\/una-hora-de-gestio-del-projecte-caid-montcada\/#primaryimage"},"image":{"@id":"https:\/\/adimir.org\/ca\/producto\/una-hora-de-gestio-del-projecte-caid-montcada\/#primaryimage"},"thumbnailUrl":"https:\/\/adimir.org\/wp-content\/uploads\/banner-secretaria.webp","datePublished":"2025-01-28T10:26:23+00:00","description":"Gestionar els nostres centres requereix molta feina i persones dedicades a aix\u00f2. Amb 15\u20ac, contribueixes a una hora de gesti\u00f3 del projecte CAID Montcada.","breadcrumb":{"@id":"https:\/\/adimir.org\/ca\/producto\/una-hora-de-gestio-del-projecte-caid-montcada\/#breadcrumb"},"inLanguage":"ca","potentialAction":[{"@type":"ReadAction","target":["https:\/\/adimir.org\/ca\/producto\/una-hora-de-gestio-del-projecte-caid-montcada\/"]}]},{"@type":"ImageObject","inLanguage":"ca","@id":"https:\/\/adimir.org\/ca\/producto\/una-hora-de-gestio-del-projecte-caid-montcada\/#primaryimage","url":"https:\/\/adimir.org\/wp-content\/uploads\/banner-secretaria.webp","contentUrl":"https:\/\/adimir.org\/wp-content\/uploads\/banner-secretaria.webp","width":500,"height":500},{"@type":"BreadcrumbList","@id":"https:\/\/adimir.org\/ca\/producto\/una-hora-de-gestio-del-projecte-caid-montcada\/#breadcrumb","itemListElement":[{"@type":"ListItem","position":1,"name":"Inicio","item":"https:\/\/adimir.org\/ca\/"},{"@type":"ListItem","position":2,"name":"Tienda","item":"https:\/\/adimir.org\/tienda\/"},{"@type":"ListItem","position":3,"name":"Una hora de gesti\u00f3 del projecte CAID Montcada"}]},{"@type":"WebSite","@id":"https:\/\/adimir.org\/ca\/#website","url":"https:\/\/adimir.org\/ca\/","name":"Adimir Atenci\u00f3n integral a personas con diversidad funcional","description":"","publisher":{"@id":"https:\/\/adimir.org\/ca\/#organization"},"potentialAction":[{"@type":"SearchAction","target":{"@type":"EntryPoint","urlTemplate":"https:\/\/adimir.org\/ca\/?s={search_term_string}"},"query-input":{"@type":"PropertyValueSpecification","valueRequired":true,"valueName":"search_term_string"}}],"inLanguage":"ca"},{"@type":"Organization","@id":"https:\/\/adimir.org\/ca\/#organization","name":"Adimir Atenci\u00f3n integral a personas con diversidad funcional","url":"https:\/\/adimir.org\/ca\/","logo":{"@type":"ImageObject","inLanguage":"ca","@id":"https:\/\/adimir.org\/ca\/#\/schema\/logo\/image\/","url":"https:\/\/adimir.pruebasweb.com.es\/wp-content\/uploads\/2024\/08\/Adimir-500.png","contentUrl":"https:\/\/adimir.pruebasweb.com.es\/wp-content\/uploads\/2024\/08\/Adimir-500.png","width":500,"height":273,"caption":"Adimir Atenci\u00f3n integral a personas con diversidad funcional"},"image":{"@id":"https:\/\/adimir.org\/ca\/#\/schema\/logo\/image\/"}}]}},"_links":{"self":[{"href":"https:\/\/adimir.org\/ca\/wp-json\/wp\/v2\/product\/7238","targetHints":{"allow":["GET"]}}],"collection":[{"href":"https:\/\/adimir.org\/ca\/wp-json\/wp\/v2\/product"}],"about":[{"href":"https:\/\/adimir.org\/ca\/wp-json\/wp\/v2\/types\/product"}],"wp:featuredmedia":[{"embeddable":true,"href":"https:\/\/adimir.org\/ca\/wp-json\/wp\/v2\/media\/5086"}],"wp:attachment":[{"href":"https:\/\/adimir.org\/ca\/wp-json\/wp\/v2\/media?parent=7238"}],"wp:term":[{"taxonomy":"product_brand","embeddable":true,"href":"https:\/\/adimir.org\/ca\/wp-json\/wp\/v2\/product_brand?post=7238"},{"taxonomy":"product_cat","embeddable":true,"href":"https:\/\/adimir.org\/ca\/wp-json\/wp\/v2\/product_cat?post=7238"},{"taxonomy":"product_tag","embeddable":true,"href":"https:\/\/adimir.org\/ca\/wp-json\/wp\/v2\/product_tag?post=7238"}],"curies":[{"name":"wp","href":"https:\/\/api.w.org\/{rel}","templated":true}]}}